{"id":5539,"date":"2024-10-28T12:15:27","date_gmt":"2024-10-28T11:15:27","guid":{"rendered":"https:\/\/mode-elles.be\/contact-2\/"},"modified":"2025-03-24T08:57:30","modified_gmt":"2025-03-24T07:57:30","slug":"contact-us","status":"publish","type":"page","link":"https:\/\/mode-elles.be\/en\/contact-us\/","title":{"rendered":"Contact"},"content":{"rendered":"\t\t<div data-elementor-type=\"wp-page\" data-elementor-id=\"5539\" class=\"elementor elementor-5539 elementor-4485\" data-elementor-post-type=\"page\">\n\t\t\t\t<div class=\"elementor-element elementor-element-8273c45 e-con-full e-flex e-con e-parent\" data-id=\"8273c45\" data-element_type=\"container\" data-e-type=\"container\" data-settings=\"{&quot;background_background&quot;:&quot;classic&quot;}\">\n\t\t<div class=\"elementor-element elementor-element-14dc6aa e-con-full e-flex e-con e-child\" data-id=\"14dc6aa\" data-element_type=\"container\" data-e-type=\"container\" data-settings=\"{&quot;background_background&quot;:&quot;classic&quot;}\">\n\t\t\t\t<div class=\"elementor-element elementor-element-10699b4 elementor-widget elementor-widget-heading\" data-id=\"10699b4\" data-element_type=\"widget\" data-e-type=\"widget\" data-widget_type=\"heading.default\">\n\t\t\t\t\t<h2 class=\"elementor-heading-title elementor-size-default\">Contact<\/h2>\t\t\t\t<\/div>\n\t\t\t\t<div class=\"elementor-element elementor-element-1411dbe elementor-widget elementor-widget-text-editor\" data-id=\"1411dbe\" data-element_type=\"widget\" data-e-type=\"widget\" data-widget_type=\"text-editor.default\">\n\t\t\t\t\t\t\t\t\t<p>Do you have a question? Don&#8217;t hesitate to contact us! <\/p>\n\t\t\t\t\t\t\t\t<\/div>\n\t\t\t\t<\/div>\n\t\t\t\t<\/div>\n\t\t<div class=\"elementor-element elementor-element-5500764 e-con-full e-flex e-con e-parent\" data-id=\"5500764\" data-element_type=\"container\" data-e-type=\"container\">\n\t\t<div class=\"elementor-element elementor-element-4fc3ba4d e-con-full e-flex e-con e-child\" data-id=\"4fc3ba4d\" data-element_type=\"container\" data-e-type=\"container\">\n\t\t\t\t<div class=\"elementor-element elementor-element-b651fbb elementor-widget__width-inherit elementor-widget elementor-widget-icon-box\" data-id=\"b651fbb\" data-element_type=\"widget\" data-e-type=\"widget\" data-widget_type=\"icon-box.default\">\n\t\t\t\t\t\t\t<div class=\"elementor-icon-box-wrapper\">\n\n\t\t\t\n\t\t\t\t\t\t<div class=\"elementor-icon-box-content\">\n\n\t\t\t\t\t\t\t\t\t<h3 class=\"elementor-icon-box-title\">\n\t\t\t\t\t\t<span  >\n\t\t\t\t\t\t\tThe store\t\t\t\t\t\t<\/span>\n\t\t\t\t\t<\/h3>\n\t\t\t\t\n\t\t\t\t\t\t\t\t\t<p class=\"elementor-icon-box-description\">\n\t\t\t\t\t\tChauss\u00e9e de Malines, 110<\/br>\n1970 Wezembeek-Oppem<\/br>\nBelgique\t\t\t\t\t<\/p>\n\t\t\t\t\n\t\t\t<\/div>\n\t\t\t\n\t\t<\/div>\n\t\t\t\t\t\t<\/div>\n\t\t\t\t<div class=\"elementor-element elementor-element-a3e64e1 elementor-widget elementor-widget-icon-box\" data-id=\"a3e64e1\" data-element_type=\"widget\" data-e-type=\"widget\" data-widget_type=\"icon-box.default\">\n\t\t\t\t\t\t\t<div class=\"elementor-icon-box-wrapper\">\n\n\t\t\t\n\t\t\t\t\t\t<div class=\"elementor-icon-box-content\">\n\n\t\t\t\t\t\t\t\t\t<h3 class=\"elementor-icon-box-title\">\n\t\t\t\t\t\t<a href=\"mailto:info@mode-elles.be\" >\n\t\t\t\t\t\t\tinfo@mode-elles.be\t\t\t\t\t\t<\/a>\n\t\t\t\t\t<\/h3>\n\t\t\t\t\n\t\t\t\t\n\t\t\t<\/div>\n\t\t\t\n\t\t<\/div>\n\t\t\t\t\t\t<\/div>\n\t\t\t\t<div class=\"elementor-element elementor-element-1ca6e96 elementor-widget elementor-widget-icon-box\" data-id=\"1ca6e96\" data-element_type=\"widget\" data-e-type=\"widget\" data-widget_type=\"icon-box.default\">\n\t\t\t\t\t\t\t<div class=\"elementor-icon-box-wrapper\">\n\n\t\t\t\n\t\t\t\t\t\t<div class=\"elementor-icon-box-content\">\n\n\t\t\t\t\t\t\t\t\t<h3 class=\"elementor-icon-box-title\">\n\t\t\t\t\t\t<a href=\"\" >\n\t\t\t\t\t\t\t+32 486\/52.62.08\t\t\t\t\t\t<\/a>\n\t\t\t\t\t<\/h3>\n\t\t\t\t\n\t\t\t\t\n\t\t\t<\/div>\n\t\t\t\n\t\t<\/div>\n\t\t\t\t\t\t<\/div>\n\t\t\t\t<\/div>\n\t\t<div class=\"elementor-element elementor-element-25ee2e36 e-con-full e-flex e-con e-child\" data-id=\"25ee2e36\" data-element_type=\"container\" data-e-type=\"container\">\n\t\t\t\t<div class=\"elementor-element elementor-element-206fffd elementor-widget elementor-widget-heading\" data-id=\"206fffd\" data-element_type=\"widget\" data-e-type=\"widget\" data-widget_type=\"heading.default\">\n\t\t\t\t\t<h2 class=\"elementor-heading-title elementor-size-default\">We're here for you&nbsp;!<\/h2>\t\t\t\t<\/div>\n\t\t\t\t<div class=\"elementor-element elementor-element-99b0075 elementor-button-align-end elementor-widget elementor-widget-form\" data-id=\"99b0075\" data-element_type=\"widget\" data-e-type=\"widget\" data-settings=\"{&quot;step_next_label&quot;:&quot;Next&quot;,&quot;step_previous_label&quot;:&quot;Previous&quot;,&quot;button_width&quot;:&quot;100&quot;,&quot;step_type&quot;:&quot;number_text&quot;,&quot;step_icon_shape&quot;:&quot;circle&quot;}\" data-widget_type=\"form.default\">\n\t\t\t\t\t\t\t<form class=\"elementor-form\" method=\"post\" name=\"ContactForm\" aria-label=\"ContactForm\">\n\t\t\t<input type=\"hidden\" name=\"post_id\" value=\"5539\"\/>\n\t\t\t<input type=\"hidden\" name=\"form_id\" value=\"99b0075\"\/>\n\t\t\t<input type=\"hidden\" name=\"referer_title\" value=\"Mode-Elles\" \/>\n\n\t\t\t\n\t\t\t<div class=\"elementor-form-fields-wrapper elementor-labels-\">\n\t\t\t\t\t\t\t\t<div class=\"elementor-field-type-text elementor-field-group elementor-column elementor-field-group-name elementor-col-100 elementor-field-required\">\n\t\t\t\t\t\t\t\t\t\t\t\t<label for=\"form-field-name\" class=\"elementor-field-label elementor-screen-only\">\n\t\t\t\t\t\t\t\tFirst and last name\t\t\t\t\t\t\t<\/label>\n\t\t\t\t\t\t\t\t\t\t\t\t\t\t<input size=\"1\" type=\"text\" name=\"form_fields[name]\" id=\"form-field-name\" class=\"elementor-field elementor-size-sm  elementor-field-textual\" placeholder=\"First and last name\" required=\"required\">\n\t\t\t\t\t\t\t\t\t\t\t<\/div>\n\t\t\t\t\t\t\t\t<div class=\"elementor-field-type-tel elementor-field-group elementor-column elementor-field-group-phone elementor-col-100 elementor-field-required\">\n\t\t\t\t\t\t\t\t\t\t\t\t<label for=\"form-field-phone\" class=\"elementor-field-label elementor-screen-only\">\n\t\t\t\t\t\t\t\tPhone\t\t\t\t\t\t\t<\/label>\n\t\t\t\t\t\t\t\t<input size=\"1\" type=\"tel\" name=\"form_fields[phone]\" id=\"form-field-phone\" class=\"elementor-field elementor-size-sm  elementor-field-textual\" placeholder=\"Phone\" required=\"required\" pattern=\"[0-9()#&amp;+*-=.]+\" title=\"Only numbers and phone characters (#, -, *, etc) are accepted.\">\n\n\t\t\t\t\t\t<\/div>\n\t\t\t\t\t\t\t\t<div class=\"elementor-field-type-email elementor-field-group elementor-column elementor-field-group-email elementor-col-100 elementor-field-required\">\n\t\t\t\t\t\t\t\t\t\t\t\t<label for=\"form-field-email\" class=\"elementor-field-label elementor-screen-only\">\n\t\t\t\t\t\t\t\tE-mail\t\t\t\t\t\t\t<\/label>\n\t\t\t\t\t\t\t\t\t\t\t\t\t\t<input size=\"1\" type=\"email\" name=\"form_fields[email]\" id=\"form-field-email\" class=\"elementor-field elementor-size-sm  elementor-field-textual\" placeholder=\"E-mail\" required=\"required\">\n\t\t\t\t\t\t\t\t\t\t\t<\/div>\n\t\t\t\t\t\t\t\t<div class=\"elementor-field-type-textarea elementor-field-group elementor-column elementor-field-group-message elementor-col-100 elementor-field-required\">\n\t\t\t\t\t\t\t\t\t\t\t\t<label for=\"form-field-message\" class=\"elementor-field-label elementor-screen-only\">\n\t\t\t\t\t\t\t\tMessage\t\t\t\t\t\t\t<\/label>\n\t\t\t\t\t\t<textarea class=\"elementor-field-textual elementor-field  elementor-size-sm\" name=\"form_fields[message]\" id=\"form-field-message\" rows=\"4\" placeholder=\"Message\" required=\"required\"><\/textarea>\t\t\t\t<\/div>\n\t\t\t\t\t\t\t\t<div class=\"elementor-field-type-acceptance elementor-field-group elementor-column elementor-field-group-agreement elementor-col-100 elementor-field-required\">\n\t\t\t\t\t\t\t\t\t\t\t\t<label for=\"form-field-agreement\" class=\"elementor-field-label elementor-screen-only\">\n\t\t\t\t\t\t\t\tagreement\t\t\t\t\t\t\t<\/label>\n\t\t\t\t\t\t\t\t<div class=\"elementor-field-subgroup\">\n\t\t\t<span class=\"elementor-field-option\">\n\t\t\t\t<input type=\"checkbox\" name=\"form_fields[agreement]\" id=\"form-field-agreement\" class=\"elementor-field elementor-size-sm  elementor-acceptance-field\" required=\"required\">\n\t\t\t\t<label for=\"form-field-agreement\">I explicitly agree to the use of my e-mail address and telephone number for the sole purpose of contacting me regarding my request made with this contact form. <\/label>\t\t\t<\/span>\n\t\t<\/div>\n\t\t\t\t\t\t<\/div>\n\t\t\t\t\t\t\t\t<div class=\"elementor-field-type-recaptcha_v3 elementor-field-group elementor-column elementor-field-group-field_c168052 elementor-col-100 recaptcha_v3-bottomright\">\n\t\t\t\t\t<div class=\"elementor-field\" id=\"form-field-field_c168052\"><div class=\"elementor-g-recaptcha\" data-sitekey=\"6Lfa3AUjAAAAAMROfUHgyORrpJcK7cAiqceMHUtK\" data-type=\"v3\" data-action=\"Form\" data-badge=\"bottomright\" data-size=\"invisible\"><\/div><\/div>\t\t\t\t<\/div>\n\t\t\t\t\t\t\t\t<div class=\"elementor-field-group elementor-column elementor-field-type-submit elementor-col-100 e-form__buttons\">\n\t\t\t\t\t<button class=\"elementor-button elementor-size-md elementor-animation-shrink\" type=\"submit\">\n\t\t\t\t\t\t<span class=\"elementor-button-content-wrapper\">\n\t\t\t\t\t\t\t\t\t\t\t\t\t\t\t\t\t\t\t\t\t\t<span class=\"elementor-button-text\">Send<\/span>\n\t\t\t\t\t\t\t\t\t\t\t\t\t<\/span>\n\t\t\t\t\t<\/button>\n\t\t\t\t<\/div>\n\t\t\t<\/div>\n\t\t<\/form>\n\t\t\t\t\t\t<\/div>\n\t\t\t\t<\/div>\n\t\t\t\t<\/div>\n\t\t<div class=\"elementor-element elementor-element-12f39c15 e-con-full e-flex e-con e-parent\" data-id=\"12f39c15\" data-element_type=\"container\" data-e-type=\"container\">\n\t\t\t\t<div class=\"elementor-element elementor-element-2b2d19f3 elementor-widget elementor-widget-heading\" data-id=\"2b2d19f3\" data-element_type=\"widget\" data-e-type=\"widget\" data-widget_type=\"heading.default\">\n\t\t\t\t\t<h2 class=\"elementor-heading-title elementor-size-default\">For every shopping desire...<\/h2>\t\t\t\t<\/div>\n\t\t<div class=\"elementor-element elementor-element-7ae79708 e-con-full e-flex e-con e-child\" data-id=\"7ae79708\" data-element_type=\"container\" data-e-type=\"container\">\n\t\t<div class=\"elementor-element elementor-element-723468c e-con-full e-flex e-con e-child\" data-id=\"723468c\" data-element_type=\"container\" data-e-type=\"container\">\n\t\t\t\t<div class=\"elementor-element elementor-element-c5d38a9 elementor-widget elementor-widget-icon-box\" data-id=\"c5d38a9\" data-element_type=\"widget\" data-e-type=\"widget\" data-widget_type=\"icon-box.default\">\n\t\t\t\t\t\t\t<div class=\"elementor-icon-box-wrapper\">\n\n\t\t\t\n\t\t\t\t\t\t<div class=\"elementor-icon-box-content\">\n\n\t\t\t\t\t\t\t\t\t<h3 class=\"elementor-icon-box-title\">\n\t\t\t\t\t\t<span  >\n\t\t\t\t\t\t\tOnline store\t\t\t\t\t\t<\/span>\n\t\t\t\t\t<\/h3>\n\t\t\t\t\n\t\t\t\t\t\t\t\t\t<p class=\"elementor-icon-box-description\">\n\t\t\t\t\t\tDiscover our collection 24\/7.\t\t\t\t\t<\/p>\n\t\t\t\t\n\t\t\t<\/div>\n\t\t\t\n\t\t<\/div>\n\t\t\t\t\t\t<\/div>\n\t\t\t\t<\/div>\n\t\t<div class=\"elementor-element elementor-element-453d4427 e-con-full e-flex e-con e-child\" data-id=\"453d4427\" data-element_type=\"container\" data-e-type=\"container\">\n\t\t\t\t<div class=\"elementor-element elementor-element-5102a89e elementor-widget elementor-widget-icon-box\" data-id=\"5102a89e\" data-element_type=\"widget\" data-e-type=\"widget\" data-widget_type=\"icon-box.default\">\n\t\t\t\t\t\t\t<div class=\"elementor-icon-box-wrapper\">\n\n\t\t\t\n\t\t\t\t\t\t<div class=\"elementor-icon-box-content\">\n\n\t\t\t\t\t\t\t\t\t<h3 class=\"elementor-icon-box-title\">\n\t\t\t\t\t\t<span  >\n\t\t\t\t\t\t\tStore in Wezembeek-Oppem\t\t\t\t\t\t<\/span>\n\t\t\t\t\t<\/h3>\n\t\t\t\t\n\t\t\t\t\t\t\t\t\t<p class=\"elementor-icon-box-description\">\n\t\t\t\t\t\tDiscover our boutique and our collection in a friendly atmosphere.\t\t\t\t\t<\/p>\n\t\t\t\t\n\t\t\t<\/div>\n\t\t\t\n\t\t<\/div>\n\t\t\t\t\t\t<\/div>\n\t\t\t\t<\/div>\n\t\t<div class=\"elementor-element elementor-element-453ebdca e-con-full e-flex e-con e-child\" data-id=\"453ebdca\" data-element_type=\"container\" data-e-type=\"container\">\n\t\t\t\t<div class=\"elementor-element elementor-element-59e57cd elementor-widget elementor-widget-icon-box\" data-id=\"59e57cd\" data-element_type=\"widget\" data-e-type=\"widget\" data-widget_type=\"icon-box.default\">\n\t\t\t\t\t\t\t<div class=\"elementor-icon-box-wrapper\">\n\n\t\t\t\n\t\t\t\t\t\t<div class=\"elementor-icon-box-content\">\n\n\t\t\t\t\t\t\t\t\t<h3 class=\"elementor-icon-box-title\">\n\t\t\t\t\t\t<span  >\n\t\t\t\t\t\t\tShopping between friends\t\t\t\t\t\t<\/span>\n\t\t\t\t\t<\/h3>\n\t\t\t\t\n\t\t\t\t\t\t\t\t\t<p class=\"elementor-icon-box-description\">\n\t\t\t\t\t\tDo you dream of shopping for free with your friends? Don't wait any longer and book the shop.\t\t\t\t\t<\/p>\n\t\t\t\t\n\t\t\t<\/div>\n\t\t\t\n\t\t<\/div>\n\t\t\t\t\t\t<\/div>\n\t\t\t\t<\/div>\n\t\t\t\t<\/div>\n\t\t\t\t<\/div>\n\t\t<div class=\"elementor-element elementor-element-7582798 e-con-full e-flex e-con e-parent\" data-id=\"7582798\" data-element_type=\"container\" data-e-type=\"container\">\n\t\t\t\t<div class=\"elementor-element elementor-element-00dc208 elementor-widget elementor-widget-google_maps\" data-id=\"00dc208\" data-element_type=\"widget\" data-e-type=\"widget\" data-widget_type=\"google_maps.default\">\n\t\t\t\t\t\t\t<div class=\"elementor-custom-embed\">\n\t\t\t<iframe loading=\"lazy\"\n\t\t\t\t\tsrc=\"https:\/\/maps.google.com\/maps?q=Mode-Elles%20Chauss%C3%A9e%20de%20Malines%2C%20110%201970%20Wezembeek-Oppem&#038;t=m&#038;z=12&#038;output=embed&#038;iwloc=near\"\n\t\t\t\t\ttitle=\"Mode-Elles Chauss\u00e9e de Malines, 110 1970 Wezembeek-Oppem\"\n\t\t\t\t\taria-label=\"Mode-Elles Chauss\u00e9e de Malines, 110 1970 Wezembeek-Oppem\"\n\t\t\t><\/iframe>\n\t\t<\/div>\n\t\t\t\t\t\t<\/div>\n\t\t\t\t<\/div>\n\t\t\t\t<\/div>\n\t\t","protected":false},"excerpt":{"rendered":"<p>Contact Do you have a question? Don&#8217;t hesitate to contact us! The store Chauss\u00e9e de Malines, 110 1970 Wezembeek-Oppem Belgique info@mode-elles.be +32 486\/52.62.08 We&#8217;re here for you&nbsp;! For every shopping desire&#8230; Online store Discover our collection 24\/7. Store in Wezembeek-Oppem Discover our boutique and our collection in a friendly atmosphere. Shopping between friends Do you [&hellip;]<\/p>\n","protected":false},"author":1,"featured_media":0,"parent":0,"menu_order":0,"comment_status":"closed","ping_status":"closed","template":"elementor_header_footer","meta":{"footnotes":""},"class_list":["post-5539","page","type-page","status-publish","hentry"],"yoast_head":"<!-- This site is optimized with the Yoast SEO plugin v27.5 - https:\/\/yoast.com\/product\/yoast-seo-wordpress\/ -->\n<title>Contact us | Mode-Elles - Boutique &amp; Shopping entre amies<\/title>\n<meta name=\"description\" content=\"Do you have a question or would you like to shop? Contact Mode-ELLES in Wezembeek-Oppem. Visit our store and our online collection.\" \/>\n<meta name=\"robots\" content=\"index, follow, max-snippet:-1, max-image-preview:large, max-video-preview:-1\" \/>\n<link rel=\"canonical\" href=\"https:\/\/mode-elles.be\/en\/contact-us\/\" \/>\n<meta property=\"og:locale\" content=\"en_US\" \/>\n<meta property=\"og:type\" content=\"article\" \/>\n<meta property=\"og:title\" content=\"Contact us | Mode-Elles - Boutique &amp; Shopping entre amies\" \/>\n<meta property=\"og:description\" content=\"Do you have a question or would you like to shop? Contact Mode-ELLES in Wezembeek-Oppem. Visit our store and our online collection.\" \/>\n<meta property=\"og:url\" content=\"https:\/\/mode-elles.be\/en\/contact-us\/\" \/>\n<meta property=\"og:site_name\" content=\"Mode-Elles\" \/>\n<meta property=\"article:publisher\" content=\"https:\/\/www.facebook.com\/modeelles.be\" \/>\n<meta property=\"article:modified_time\" content=\"2025-03-24T07:57:30+00:00\" \/>\n<meta name=\"twitter:card\" content=\"summary_large_image\" \/>\n<script type=\"application\/ld+json\" class=\"yoast-schema-graph\">{\"@context\":\"https:\\\/\\\/schema.org\",\"@graph\":[{\"@type\":\"WebPage\",\"@id\":\"https:\\\/\\\/mode-elles.be\\\/en\\\/contact-us\\\/\",\"url\":\"https:\\\/\\\/mode-elles.be\\\/en\\\/contact-us\\\/\",\"name\":\"Contact us | Mode-Elles - Boutique & Shopping entre amies\",\"isPartOf\":{\"@id\":\"https:\\\/\\\/mode-elles.be\\\/en\\\/#website\"},\"datePublished\":\"2024-10-28T11:15:27+00:00\",\"dateModified\":\"2025-03-24T07:57:30+00:00\",\"description\":\"Do you have a question or would you like to shop? Contact Mode-ELLES in Wezembeek-Oppem. Visit our store and our online collection.\",\"breadcrumb\":{\"@id\":\"https:\\\/\\\/mode-elles.be\\\/en\\\/contact-us\\\/#breadcrumb\"},\"inLanguage\":\"en-US\",\"potentialAction\":[{\"@type\":\"ReadAction\",\"target\":[\"https:\\\/\\\/mode-elles.be\\\/en\\\/contact-us\\\/\"]}]},{\"@type\":\"BreadcrumbList\",\"@id\":\"https:\\\/\\\/mode-elles.be\\\/en\\\/contact-us\\\/#breadcrumb\",\"itemListElement\":[{\"@type\":\"ListItem\",\"position\":1,\"name\":\"Accueil\",\"item\":\"https:\\\/\\\/mode-elles.be\\\/en\\\/home-2\\\/\"},{\"@type\":\"ListItem\",\"position\":2,\"name\":\"Contact\"}]},{\"@type\":\"WebSite\",\"@id\":\"https:\\\/\\\/mode-elles.be\\\/en\\\/#website\",\"url\":\"https:\\\/\\\/mode-elles.be\\\/en\\\/\",\"name\":\"Mode-Elles\",\"description\":\"Des v\u00eatements tendances \u00e0 petits prix alors n\u2019h\u00e9sitez pas \u00e0 venir d\u00e9couvrir notre univers.\",\"publisher\":{\"@id\":\"https:\\\/\\\/mode-elles.be\\\/en\\\/#organization\"},\"potentialAction\":[{\"@type\":\"SearchAction\",\"target\":{\"@type\":\"EntryPoint\",\"urlTemplate\":\"https:\\\/\\\/mode-elles.be\\\/en\\\/?s={search_term_string}\"},\"query-input\":{\"@type\":\"PropertyValueSpecification\",\"valueRequired\":true,\"valueName\":\"search_term_string\"}}],\"inLanguage\":\"en-US\"},{\"@type\":\"Organization\",\"@id\":\"https:\\\/\\\/mode-elles.be\\\/en\\\/#organization\",\"name\":\"Mode-Elles\",\"url\":\"https:\\\/\\\/mode-elles.be\\\/en\\\/\",\"logo\":{\"@type\":\"ImageObject\",\"inLanguage\":\"en-US\",\"@id\":\"https:\\\/\\\/mode-elles.be\\\/en\\\/#\\\/schema\\\/logo\\\/image\\\/\",\"url\":\"https:\\\/\\\/mode-elles.be\\\/wp-content\\\/uploads\\\/2024\\\/10\\\/mode-elles.jpg\",\"contentUrl\":\"https:\\\/\\\/mode-elles.be\\\/wp-content\\\/uploads\\\/2024\\\/10\\\/mode-elles.jpg\",\"width\":903,\"height\":152,\"caption\":\"Mode-Elles\"},\"image\":{\"@id\":\"https:\\\/\\\/mode-elles.be\\\/en\\\/#\\\/schema\\\/logo\\\/image\\\/\"},\"sameAs\":[\"https:\\\/\\\/www.facebook.com\\\/modeelles.be\",\"https:\\\/\\\/www.instagram.com\\\/modeelles_fashion_store\\\/?hl=fr\"]}]}<\/script>\n<!-- \/ Yoast SEO plugin. -->","yoast_head_json":{"title":"Contact us | Mode-Elles - Boutique & Shopping entre amies","description":"Do you have a question or would you like to shop? Contact Mode-ELLES in Wezembeek-Oppem. Visit our store and our online collection.","robots":{"index":"index","follow":"follow","max-snippet":"max-snippet:-1","max-image-preview":"max-image-preview:large","max-video-preview":"max-video-preview:-1"},"canonical":"https:\/\/mode-elles.be\/en\/contact-us\/","og_locale":"en_US","og_type":"article","og_title":"Contact us | Mode-Elles - Boutique & Shopping entre amies","og_description":"Do you have a question or would you like to shop? Contact Mode-ELLES in Wezembeek-Oppem. Visit our store and our online collection.","og_url":"https:\/\/mode-elles.be\/en\/contact-us\/","og_site_name":"Mode-Elles","article_publisher":"https:\/\/www.facebook.com\/modeelles.be","article_modified_time":"2025-03-24T07:57:30+00:00","twitter_card":"summary_large_image","schema":{"@context":"https:\/\/schema.org","@graph":[{"@type":"WebPage","@id":"https:\/\/mode-elles.be\/en\/contact-us\/","url":"https:\/\/mode-elles.be\/en\/contact-us\/","name":"Contact us | Mode-Elles - Boutique & Shopping entre amies","isPartOf":{"@id":"https:\/\/mode-elles.be\/en\/#website"},"datePublished":"2024-10-28T11:15:27+00:00","dateModified":"2025-03-24T07:57:30+00:00","description":"Do you have a question or would you like to shop? Contact Mode-ELLES in Wezembeek-Oppem. Visit our store and our online collection.","breadcrumb":{"@id":"https:\/\/mode-elles.be\/en\/contact-us\/#breadcrumb"},"inLanguage":"en-US","potentialAction":[{"@type":"ReadAction","target":["https:\/\/mode-elles.be\/en\/contact-us\/"]}]},{"@type":"BreadcrumbList","@id":"https:\/\/mode-elles.be\/en\/contact-us\/#breadcrumb","itemListElement":[{"@type":"ListItem","position":1,"name":"Accueil","item":"https:\/\/mode-elles.be\/en\/home-2\/"},{"@type":"ListItem","position":2,"name":"Contact"}]},{"@type":"WebSite","@id":"https:\/\/mode-elles.be\/en\/#website","url":"https:\/\/mode-elles.be\/en\/","name":"Mode-Elles","description":"Des v\u00eatements tendances \u00e0 petits prix alors n\u2019h\u00e9sitez pas \u00e0 venir d\u00e9couvrir notre univers.","publisher":{"@id":"https:\/\/mode-elles.be\/en\/#organization"},"potentialAction":[{"@type":"SearchAction","target":{"@type":"EntryPoint","urlTemplate":"https:\/\/mode-elles.be\/en\/?s={search_term_string}"},"query-input":{"@type":"PropertyValueSpecification","valueRequired":true,"valueName":"search_term_string"}}],"inLanguage":"en-US"},{"@type":"Organization","@id":"https:\/\/mode-elles.be\/en\/#organization","name":"Mode-Elles","url":"https:\/\/mode-elles.be\/en\/","logo":{"@type":"ImageObject","inLanguage":"en-US","@id":"https:\/\/mode-elles.be\/en\/#\/schema\/logo\/image\/","url":"https:\/\/mode-elles.be\/wp-content\/uploads\/2024\/10\/mode-elles.jpg","contentUrl":"https:\/\/mode-elles.be\/wp-content\/uploads\/2024\/10\/mode-elles.jpg","width":903,"height":152,"caption":"Mode-Elles"},"image":{"@id":"https:\/\/mode-elles.be\/en\/#\/schema\/logo\/image\/"},"sameAs":["https:\/\/www.facebook.com\/modeelles.be","https:\/\/www.instagram.com\/modeelles_fashion_store\/?hl=fr"]}]}},"_links":{"self":[{"href":"https:\/\/mode-elles.be\/en\/wp-json\/wp\/v2\/pages\/5539","targetHints":{"allow":["GET"]}}],"collection":[{"href":"https:\/\/mode-elles.be\/en\/wp-json\/wp\/v2\/pages"}],"about":[{"href":"https:\/\/mode-elles.be\/en\/wp-json\/wp\/v2\/types\/page"}],"author":[{"embeddable":true,"href":"https:\/\/mode-elles.be\/en\/wp-json\/wp\/v2\/users\/1"}],"replies":[{"embeddable":true,"href":"https:\/\/mode-elles.be\/en\/wp-json\/wp\/v2\/comments?post=5539"}],"version-history":[{"count":10,"href":"https:\/\/mode-elles.be\/en\/wp-json\/wp\/v2\/pages\/5539\/revisions"}],"predecessor-version":[{"id":6105,"href":"https:\/\/mode-elles.be\/en\/wp-json\/wp\/v2\/pages\/5539\/revisions\/6105"}],"wp:attachment":[{"href":"https:\/\/mode-elles.be\/en\/wp-json\/wp\/v2\/media?parent=5539"}],"curies":[{"name":"wp","href":"https:\/\/api.w.org\/{rel}","templated":true}]}}