{"id":5146,"date":"2024-10-30T11:11:52","date_gmt":"2024-10-30T10:11:52","guid":{"rendered":"https:\/\/mode-elles.be\/shopping-cocktail\/"},"modified":"2025-02-14T11:30:34","modified_gmt":"2025-02-14T10:30:34","slug":"shopping-cocktail","status":"publish","type":"page","link":"https:\/\/mode-elles.be\/en\/shopping-cocktail\/","title":{"rendered":"Shopping cocktail"},"content":{"rendered":"\t\t<div data-elementor-type=\"wp-page\" data-elementor-id=\"5146\" class=\"elementor elementor-5146 elementor-5022\" data-elementor-post-type=\"page\">\n\t\t\t\t<div class=\"elementor-element elementor-element-2269561 e-con-full e-flex e-con e-parent\" data-id=\"2269561\" data-element_type=\"container\" data-e-type=\"container\" data-settings=\"{&quot;background_background&quot;:&quot;classic&quot;}\">\n\t\t<div class=\"elementor-element elementor-element-307a776 e-con-full e-flex e-con e-child\" data-id=\"307a776\" data-element_type=\"container\" data-e-type=\"container\" data-settings=\"{&quot;background_background&quot;:&quot;classic&quot;}\">\n\t\t\t\t<div class=\"elementor-element elementor-element-db29ec9 elementor-widget elementor-widget-heading\" data-id=\"db29ec9\" data-element_type=\"widget\" data-e-type=\"widget\" data-widget_type=\"heading.default\">\n\t\t\t\t\t<h2 class=\"elementor-heading-title elementor-size-default\">The shopping cocktail<\/h2>\t\t\t\t<\/div>\n\t\t\t\t<div class=\"elementor-element elementor-element-88e541e elementor-widget__width-initial elementor-widget elementor-widget-text-editor\" data-id=\"88e541e\" data-element_type=\"widget\" data-e-type=\"widget\" data-widget_type=\"text-editor.default\">\n\t\t\t\t\t\t\t\t\t<p>The store only for you and your friends !<\/p>\n\t\t\t\t\t\t\t\t<\/div>\n\t\t\t\t<\/div>\n\t\t\t\t<\/div>\n\t\t<div class=\"elementor-element elementor-element-7bc3d05 e-con-full e-flex e-con e-parent\" data-id=\"7bc3d05\" data-element_type=\"container\" data-e-type=\"container\">\n\t\t<div class=\"elementor-element elementor-element-c6668d9 e-con-full e-flex e-con e-child\" data-id=\"c6668d9\" data-element_type=\"container\" data-e-type=\"container\">\n\t\t\t\t<div class=\"elementor-element elementor-element-b08e3dc elementor-invisible elementor-widget elementor-widget-heading\" data-id=\"b08e3dc\" data-element_type=\"widget\" data-e-type=\"widget\" data-settings=\"{&quot;_animation&quot;:&quot;fadeIn&quot;}\" data-widget_type=\"heading.default\">\n\t\t\t\t\t<h2 class=\"elementor-heading-title elementor-size-default\">Your private shopping in 3 steps<\/h2>\t\t\t\t<\/div>\n\t\t<div class=\"elementor-element elementor-element-4d1d84b e-con-full e-flex elementor-invisible e-con e-child\" data-id=\"4d1d84b\" data-element_type=\"container\" data-e-type=\"container\" data-settings=\"{&quot;animation&quot;:&quot;fadeIn&quot;}\">\n\t\t<div class=\"elementor-element elementor-element-bdf0f06 e-con-full e-flex e-con e-child\" data-id=\"bdf0f06\" data-element_type=\"container\" data-e-type=\"container\">\n\t\t\t\t<div class=\"elementor-element elementor-element-6901271 elementor-widget__width-auto elementor-widget elementor-widget-heading\" data-id=\"6901271\" data-element_type=\"widget\" data-e-type=\"widget\" data-widget_type=\"heading.default\">\n\t\t\t\t\t<span class=\"elementor-heading-title elementor-size-default\">1.<\/span>\t\t\t\t<\/div>\n\t\t\t\t<\/div>\n\t\t<div class=\"elementor-element elementor-element-0691572 e-con-full e-flex e-con e-child\" data-id=\"0691572\" data-element_type=\"container\" data-e-type=\"container\">\n\t\t\t\t<div class=\"elementor-element elementor-element-351b8fe elementor-widget elementor-widget-heading\" data-id=\"351b8fe\" data-element_type=\"widget\" data-e-type=\"widget\" data-widget_type=\"heading.default\">\n\t\t\t\t\t<span class=\"elementor-heading-title elementor-size-default\">Set a date<\/span>\t\t\t\t<\/div>\n\t\t\t\t<div class=\"elementor-element elementor-element-354c1e1 elementor-widget elementor-widget-heading\" data-id=\"354c1e1\" data-element_type=\"widget\" data-e-type=\"widget\" data-widget_type=\"heading.default\">\n\t\t\t\t\t<p class=\"elementor-heading-title elementor-size-default\">Directly at the store\nor via 0486\/52.62.08<\/p>\t\t\t\t<\/div>\n\t\t\t\t<\/div>\n\t\t\t\t<\/div>\n\t\t<div class=\"elementor-element elementor-element-4b516b9 e-con-full e-flex elementor-invisible e-con e-child\" data-id=\"4b516b9\" data-element_type=\"container\" data-e-type=\"container\" data-settings=\"{&quot;animation&quot;:&quot;fadeIn&quot;}\">\n\t\t<div class=\"elementor-element elementor-element-8586aab e-con-full e-flex e-con e-child\" data-id=\"8586aab\" data-element_type=\"container\" data-e-type=\"container\">\n\t\t\t\t<div class=\"elementor-element elementor-element-7dc9196 elementor-widget__width-auto elementor-widget elementor-widget-heading\" data-id=\"7dc9196\" data-element_type=\"widget\" data-e-type=\"widget\" data-widget_type=\"heading.default\">\n\t\t\t\t\t<span class=\"elementor-heading-title elementor-size-default\">2.<\/span>\t\t\t\t<\/div>\n\t\t\t\t<\/div>\n\t\t<div class=\"elementor-element elementor-element-e5b4903 e-con-full e-flex e-con e-child\" data-id=\"e5b4903\" data-element_type=\"container\" data-e-type=\"container\">\n\t\t\t\t<div class=\"elementor-element elementor-element-115ce11 elementor-widget elementor-widget-heading\" data-id=\"115ce11\" data-element_type=\"widget\" data-e-type=\"widget\" data-widget_type=\"heading.default\">\n\t\t\t\t\t<span class=\"elementor-heading-title elementor-size-default\">Invite<\/span>\t\t\t\t<\/div>\n\t\t\t\t<div class=\"elementor-element elementor-element-b92ffa9 elementor-widget elementor-widget-heading\" data-id=\"b92ffa9\" data-element_type=\"widget\" data-e-type=\"widget\" data-widget_type=\"heading.default\">\n\t\t\t\t\t<p class=\"elementor-heading-title elementor-size-default\">Invite at least 10 people (friends, colleagues, neighbors...)<\/p>\t\t\t\t<\/div>\n\t\t\t\t<\/div>\n\t\t\t\t<\/div>\n\t\t<div class=\"elementor-element elementor-element-780d801 e-con-full e-flex elementor-invisible e-con e-child\" data-id=\"780d801\" data-element_type=\"container\" data-e-type=\"container\" data-settings=\"{&quot;animation&quot;:&quot;fadeIn&quot;}\">\n\t\t<div class=\"elementor-element elementor-element-b8b72e1 e-con-full e-flex e-con e-child\" data-id=\"b8b72e1\" data-element_type=\"container\" data-e-type=\"container\">\n\t\t\t\t<div class=\"elementor-element elementor-element-0ac6c39 elementor-widget__width-auto elementor-widget elementor-widget-heading\" data-id=\"0ac6c39\" data-element_type=\"widget\" data-e-type=\"widget\" data-widget_type=\"heading.default\">\n\t\t\t\t\t<span class=\"elementor-heading-title elementor-size-default\">3.<\/span>\t\t\t\t<\/div>\n\t\t\t\t<\/div>\n\t\t<div class=\"elementor-element elementor-element-b7d37a0 e-con-full e-flex e-con e-child\" data-id=\"b7d37a0\" data-element_type=\"container\" data-e-type=\"container\">\n\t\t\t\t<div class=\"elementor-element elementor-element-396b850 elementor-widget elementor-widget-heading\" data-id=\"396b850\" data-element_type=\"widget\" data-e-type=\"widget\" data-widget_type=\"heading.default\">\n\t\t\t\t\t<span class=\"elementor-heading-title elementor-size-default\">Experience a moment\nunforgettable<\/span>\t\t\t\t<\/div>\n\t\t\t\t<div class=\"elementor-element elementor-element-84b7b01 elementor-widget elementor-widget-heading\" data-id=\"84b7b01\" data-element_type=\"widget\" data-e-type=\"widget\" data-widget_type=\"heading.default\">\n\t\t\t\t\t<p class=\"elementor-heading-title elementor-size-default\">(we will take care of the appetizer)<\/p>\t\t\t\t<\/div>\n\t\t\t\t<\/div>\n\t\t\t\t<\/div>\n\t\t\t\t<div class=\"elementor-element elementor-element-d21ee48 elementor-widget elementor-widget-heading\" data-id=\"d21ee48\" data-element_type=\"widget\" data-e-type=\"widget\" data-widget_type=\"heading.default\">\n\t\t\t\t\t<h2 class=\"elementor-heading-title elementor-size-default\">As a hostess Receive <b>a super voucher<\/b><\/h2>\t\t\t\t<\/div>\n\t\t\t\t<div class=\"elementor-element elementor-element-fbb4da8 elementor-widget__width-inherit elementor-align-left elementor-widget elementor-widget-button\" data-id=\"fbb4da8\" data-element_type=\"widget\" data-e-type=\"widget\" data-widget_type=\"button.default\">\n\t\t\t\t\t\t\t\t\t\t<a class=\"elementor-button elementor-button-link elementor-size-sm elementor-animation-shrink\" href=\"https:\/\/mode-elles.be\/en\/contact-us\/\">\n\t\t\t\t\t\t<span class=\"elementor-button-content-wrapper\">\n\t\t\t\t\t\t\t\t\t<span class=\"elementor-button-text\">Book now<\/span>\n\t\t\t\t\t<\/span>\n\t\t\t\t\t<\/a>\n\t\t\t\t\t\t\t\t<\/div>\n\t\t\t\t<\/div>\n\t\t\t\t<div class=\"elementor-element elementor-element-274ad91 elementor-widget__width-initial elementor-widget-mobile__width-inherit elementor-widget elementor-widget-image\" data-id=\"274ad91\" data-element_type=\"widget\" data-e-type=\"widget\" data-widget_type=\"image.default\">\n\t\t\t\t\t\t\t\t\t\t\t\t\t\t\t<img fetchpriority=\"high\" decoding=\"async\" width=\"768\" height=\"1024\" src=\"https:\/\/mode-elles.be\/wp-content\/uploads\/2023\/08\/magasin-vetements-1-768x1024.jpeg\" class=\"attachment-large size-large wp-image-3458\" alt=\"Magasin v\u00eatements \u00e0 We\" srcset=\"https:\/\/mode-elles.be\/wp-content\/uploads\/2023\/08\/magasin-vetements-1-768x1024.jpeg 768w, https:\/\/mode-elles.be\/wp-content\/uploads\/2023\/08\/magasin-vetements-1-225x300.jpeg 225w, https:\/\/mode-elles.be\/wp-content\/uploads\/2023\/08\/magasin-vetements-1-1152x1536.jpeg 1152w, https:\/\/mode-elles.be\/wp-content\/uploads\/2023\/08\/magasin-vetements-1-1536x2048.jpeg 1536w, https:\/\/mode-elles.be\/wp-content\/uploads\/2023\/08\/magasin-vetements-1-1080x1440.jpeg 1080w, https:\/\/mode-elles.be\/wp-content\/uploads\/2023\/08\/magasin-vetements-1-1280x1707.jpeg 1280w, https:\/\/mode-elles.be\/wp-content\/uploads\/2023\/08\/magasin-vetements-1-980x1307.jpeg 980w, https:\/\/mode-elles.be\/wp-content\/uploads\/2023\/08\/magasin-vetements-1-480x640.jpeg 480w, https:\/\/mode-elles.be\/wp-content\/uploads\/2023\/08\/magasin-vetements-1-600x800.jpeg 600w, https:\/\/mode-elles.be\/wp-content\/uploads\/2023\/08\/magasin-vetements-1-64x85.jpeg 64w, https:\/\/mode-elles.be\/wp-content\/uploads\/2023\/08\/magasin-vetements-1.jpeg 1920w\" sizes=\"(max-width: 768px) 100vw, 768px\" \/>\t\t\t\t\t\t\t\t\t\t\t\t\t\t\t<\/div>\n\t\t\t\t<\/div>\n\t\t\t\t<\/div>\n\t\t","protected":false},"excerpt":{"rendered":"<p>The shopping cocktail The store only for you and your friends ! Your private shopping in 3 steps 1. Set a date Directly at the store or via 0486\/52.62.08 2. Invite Invite at least 10 people (friends, colleagues, neighbors&#8230;) 3. Experience a moment unforgettable (we will take care of the appetizer) As a hostess Receive [&hellip;]<\/p>\n","protected":false},"author":1,"featured_media":0,"parent":0,"menu_order":0,"comment_status":"closed","ping_status":"closed","template":"elementor_header_footer","meta":{"footnotes":""},"class_list":["post-5146","page","type-page","status-publish","hentry"],"yoast_head":"<!-- This site is optimized with the Yoast SEO plugin v27.5 - https:\/\/yoast.com\/product\/yoast-seo-wordpress\/ -->\n<title>Ap\u00e9ro Shopping - A Private Experience at Fashion Store<\/title>\n<meta name=\"description\" content=\"Privatize the boutique for an exclusive Ap\u00e9ro Shopping! Enjoy a unique moment with friends, with fashion, advice and privileged shopping.\" \/>\n<meta name=\"robots\" content=\"index, follow, max-snippet:-1, max-image-preview:large, max-video-preview:-1\" \/>\n<link rel=\"canonical\" href=\"https:\/\/mode-elles.be\/en\/shopping-cocktail\/\" \/>\n<meta property=\"og:locale\" content=\"en_US\" \/>\n<meta property=\"og:type\" content=\"article\" \/>\n<meta property=\"og:title\" content=\"Ap\u00e9ro Shopping - A Private Experience at Fashion Store\" \/>\n<meta property=\"og:description\" content=\"Privatize the boutique for an exclusive Ap\u00e9ro Shopping! Enjoy a unique moment with friends, with fashion, advice and privileged shopping.\" \/>\n<meta property=\"og:url\" content=\"https:\/\/mode-elles.be\/en\/shopping-cocktail\/\" \/>\n<meta property=\"og:site_name\" content=\"Mode-Elles\" \/>\n<meta property=\"article:publisher\" content=\"https:\/\/www.facebook.com\/modeelles.be\" \/>\n<meta property=\"article:modified_time\" content=\"2025-02-14T10:30:34+00:00\" \/>\n<meta property=\"og:image\" content=\"https:\/\/mode-elles.be\/wp-content\/uploads\/2023\/08\/magasin-vetements-1.jpeg\" \/>\n\t<meta property=\"og:image:width\" content=\"1920\" \/>\n\t<meta property=\"og:image:height\" content=\"2560\" \/>\n\t<meta property=\"og:image:type\" content=\"image\/jpeg\" \/>\n<meta name=\"twitter:card\" content=\"summary_large_image\" \/>\n<script type=\"application\/ld+json\" class=\"yoast-schema-graph\">{\"@context\":\"https:\\\/\\\/schema.org\",\"@graph\":[{\"@type\":\"WebPage\",\"@id\":\"https:\\\/\\\/mode-elles.be\\\/en\\\/shopping-cocktail\\\/\",\"url\":\"https:\\\/\\\/mode-elles.be\\\/en\\\/shopping-cocktail\\\/\",\"name\":\"Ap\u00e9ro Shopping - A Private Experience at Fashion Store\",\"isPartOf\":{\"@id\":\"https:\\\/\\\/mode-elles.be\\\/en\\\/#website\"},\"primaryImageOfPage\":{\"@id\":\"https:\\\/\\\/mode-elles.be\\\/en\\\/shopping-cocktail\\\/#primaryimage\"},\"image\":{\"@id\":\"https:\\\/\\\/mode-elles.be\\\/en\\\/shopping-cocktail\\\/#primaryimage\"},\"thumbnailUrl\":\"https:\\\/\\\/mode-elles.be\\\/wp-content\\\/uploads\\\/2023\\\/08\\\/magasin-vetements-1-768x1024.jpeg\",\"datePublished\":\"2024-10-30T10:11:52+00:00\",\"dateModified\":\"2025-02-14T10:30:34+00:00\",\"description\":\"Privatize the boutique for an exclusive Ap\u00e9ro Shopping! Enjoy a unique moment with friends, with fashion, advice and privileged shopping.\",\"breadcrumb\":{\"@id\":\"https:\\\/\\\/mode-elles.be\\\/en\\\/shopping-cocktail\\\/#breadcrumb\"},\"inLanguage\":\"en-US\",\"potentialAction\":[{\"@type\":\"ReadAction\",\"target\":[\"https:\\\/\\\/mode-elles.be\\\/en\\\/shopping-cocktail\\\/\"]}]},{\"@type\":\"ImageObject\",\"inLanguage\":\"en-US\",\"@id\":\"https:\\\/\\\/mode-elles.be\\\/en\\\/shopping-cocktail\\\/#primaryimage\",\"url\":\"https:\\\/\\\/mode-elles.be\\\/wp-content\\\/uploads\\\/2023\\\/08\\\/magasin-vetements-1-768x1024.jpeg\",\"contentUrl\":\"https:\\\/\\\/mode-elles.be\\\/wp-content\\\/uploads\\\/2023\\\/08\\\/magasin-vetements-1-768x1024.jpeg\"},{\"@type\":\"BreadcrumbList\",\"@id\":\"https:\\\/\\\/mode-elles.be\\\/en\\\/shopping-cocktail\\\/#breadcrumb\",\"itemListElement\":[{\"@type\":\"ListItem\",\"position\":1,\"name\":\"Accueil\",\"item\":\"https:\\\/\\\/mode-elles.be\\\/en\\\/home-2\\\/\"},{\"@type\":\"ListItem\",\"position\":2,\"name\":\"Shopping cocktail\"}]},{\"@type\":\"WebSite\",\"@id\":\"https:\\\/\\\/mode-elles.be\\\/en\\\/#website\",\"url\":\"https:\\\/\\\/mode-elles.be\\\/en\\\/\",\"name\":\"Mode-Elles\",\"description\":\"Des v\u00eatements tendances \u00e0 petits prix alors n\u2019h\u00e9sitez pas \u00e0 venir d\u00e9couvrir notre univers.\",\"publisher\":{\"@id\":\"https:\\\/\\\/mode-elles.be\\\/en\\\/#organization\"},\"potentialAction\":[{\"@type\":\"SearchAction\",\"target\":{\"@type\":\"EntryPoint\",\"urlTemplate\":\"https:\\\/\\\/mode-elles.be\\\/en\\\/?s={search_term_string}\"},\"query-input\":{\"@type\":\"PropertyValueSpecification\",\"valueRequired\":true,\"valueName\":\"search_term_string\"}}],\"inLanguage\":\"en-US\"},{\"@type\":\"Organization\",\"@id\":\"https:\\\/\\\/mode-elles.be\\\/en\\\/#organization\",\"name\":\"Mode-Elles\",\"url\":\"https:\\\/\\\/mode-elles.be\\\/en\\\/\",\"logo\":{\"@type\":\"ImageObject\",\"inLanguage\":\"en-US\",\"@id\":\"https:\\\/\\\/mode-elles.be\\\/en\\\/#\\\/schema\\\/logo\\\/image\\\/\",\"url\":\"https:\\\/\\\/mode-elles.be\\\/wp-content\\\/uploads\\\/2024\\\/10\\\/mode-elles.jpg\",\"contentUrl\":\"https:\\\/\\\/mode-elles.be\\\/wp-content\\\/uploads\\\/2024\\\/10\\\/mode-elles.jpg\",\"width\":903,\"height\":152,\"caption\":\"Mode-Elles\"},\"image\":{\"@id\":\"https:\\\/\\\/mode-elles.be\\\/en\\\/#\\\/schema\\\/logo\\\/image\\\/\"},\"sameAs\":[\"https:\\\/\\\/www.facebook.com\\\/modeelles.be\",\"https:\\\/\\\/www.instagram.com\\\/modeelles_fashion_store\\\/?hl=fr\"]}]}<\/script>\n<!-- \/ Yoast SEO plugin. -->","yoast_head_json":{"title":"Ap\u00e9ro Shopping - A Private Experience at Fashion Store","description":"Privatize the boutique for an exclusive Ap\u00e9ro Shopping! Enjoy a unique moment with friends, with fashion, advice and privileged shopping.","robots":{"index":"index","follow":"follow","max-snippet":"max-snippet:-1","max-image-preview":"max-image-preview:large","max-video-preview":"max-video-preview:-1"},"canonical":"https:\/\/mode-elles.be\/en\/shopping-cocktail\/","og_locale":"en_US","og_type":"article","og_title":"Ap\u00e9ro Shopping - A Private Experience at Fashion Store","og_description":"Privatize the boutique for an exclusive Ap\u00e9ro Shopping! Enjoy a unique moment with friends, with fashion, advice and privileged shopping.","og_url":"https:\/\/mode-elles.be\/en\/shopping-cocktail\/","og_site_name":"Mode-Elles","article_publisher":"https:\/\/www.facebook.com\/modeelles.be","article_modified_time":"2025-02-14T10:30:34+00:00","og_image":[{"width":1920,"height":2560,"url":"https:\/\/mode-elles.be\/wp-content\/uploads\/2023\/08\/magasin-vetements-1.jpeg","type":"image\/jpeg"}],"twitter_card":"summary_large_image","schema":{"@context":"https:\/\/schema.org","@graph":[{"@type":"WebPage","@id":"https:\/\/mode-elles.be\/en\/shopping-cocktail\/","url":"https:\/\/mode-elles.be\/en\/shopping-cocktail\/","name":"Ap\u00e9ro Shopping - A Private Experience at Fashion Store","isPartOf":{"@id":"https:\/\/mode-elles.be\/en\/#website"},"primaryImageOfPage":{"@id":"https:\/\/mode-elles.be\/en\/shopping-cocktail\/#primaryimage"},"image":{"@id":"https:\/\/mode-elles.be\/en\/shopping-cocktail\/#primaryimage"},"thumbnailUrl":"https:\/\/mode-elles.be\/wp-content\/uploads\/2023\/08\/magasin-vetements-1-768x1024.jpeg","datePublished":"2024-10-30T10:11:52+00:00","dateModified":"2025-02-14T10:30:34+00:00","description":"Privatize the boutique for an exclusive Ap\u00e9ro Shopping! Enjoy a unique moment with friends, with fashion, advice and privileged shopping.","breadcrumb":{"@id":"https:\/\/mode-elles.be\/en\/shopping-cocktail\/#breadcrumb"},"inLanguage":"en-US","potentialAction":[{"@type":"ReadAction","target":["https:\/\/mode-elles.be\/en\/shopping-cocktail\/"]}]},{"@type":"ImageObject","inLanguage":"en-US","@id":"https:\/\/mode-elles.be\/en\/shopping-cocktail\/#primaryimage","url":"https:\/\/mode-elles.be\/wp-content\/uploads\/2023\/08\/magasin-vetements-1-768x1024.jpeg","contentUrl":"https:\/\/mode-elles.be\/wp-content\/uploads\/2023\/08\/magasin-vetements-1-768x1024.jpeg"},{"@type":"BreadcrumbList","@id":"https:\/\/mode-elles.be\/en\/shopping-cocktail\/#breadcrumb","itemListElement":[{"@type":"ListItem","position":1,"name":"Accueil","item":"https:\/\/mode-elles.be\/en\/home-2\/"},{"@type":"ListItem","position":2,"name":"Shopping cocktail"}]},{"@type":"WebSite","@id":"https:\/\/mode-elles.be\/en\/#website","url":"https:\/\/mode-elles.be\/en\/","name":"Mode-Elles","description":"Des v\u00eatements tendances \u00e0 petits prix alors n\u2019h\u00e9sitez pas \u00e0 venir d\u00e9couvrir notre univers.","publisher":{"@id":"https:\/\/mode-elles.be\/en\/#organization"},"potentialAction":[{"@type":"SearchAction","target":{"@type":"EntryPoint","urlTemplate":"https:\/\/mode-elles.be\/en\/?s={search_term_string}"},"query-input":{"@type":"PropertyValueSpecification","valueRequired":true,"valueName":"search_term_string"}}],"inLanguage":"en-US"},{"@type":"Organization","@id":"https:\/\/mode-elles.be\/en\/#organization","name":"Mode-Elles","url":"https:\/\/mode-elles.be\/en\/","logo":{"@type":"ImageObject","inLanguage":"en-US","@id":"https:\/\/mode-elles.be\/en\/#\/schema\/logo\/image\/","url":"https:\/\/mode-elles.be\/wp-content\/uploads\/2024\/10\/mode-elles.jpg","contentUrl":"https:\/\/mode-elles.be\/wp-content\/uploads\/2024\/10\/mode-elles.jpg","width":903,"height":152,"caption":"Mode-Elles"},"image":{"@id":"https:\/\/mode-elles.be\/en\/#\/schema\/logo\/image\/"},"sameAs":["https:\/\/www.facebook.com\/modeelles.be","https:\/\/www.instagram.com\/modeelles_fashion_store\/?hl=fr"]}]}},"_links":{"self":[{"href":"https:\/\/mode-elles.be\/en\/wp-json\/wp\/v2\/pages\/5146","targetHints":{"allow":["GET"]}}],"collection":[{"href":"https:\/\/mode-elles.be\/en\/wp-json\/wp\/v2\/pages"}],"about":[{"href":"https:\/\/mode-elles.be\/en\/wp-json\/wp\/v2\/types\/page"}],"author":[{"embeddable":true,"href":"https:\/\/mode-elles.be\/en\/wp-json\/wp\/v2\/users\/1"}],"replies":[{"embeddable":true,"href":"https:\/\/mode-elles.be\/en\/wp-json\/wp\/v2\/comments?post=5146"}],"version-history":[{"count":6,"href":"https:\/\/mode-elles.be\/en\/wp-json\/wp\/v2\/pages\/5146\/revisions"}],"predecessor-version":[{"id":5687,"href":"https:\/\/mode-elles.be\/en\/wp-json\/wp\/v2\/pages\/5146\/revisions\/5687"}],"wp:attachment":[{"href":"https:\/\/mode-elles.be\/en\/wp-json\/wp\/v2\/media?parent=5146"}],"curies":[{"name":"wp","href":"https:\/\/api.w.org\/{rel}","templated":true}]}}