{"id":4919,"date":"2024-10-28T12:15:26","date_gmt":"2024-10-28T11:15:26","guid":{"rendered":"https:\/\/mode-elles.be\/thank-you\/"},"modified":"2025-02-14T11:34:06","modified_gmt":"2025-02-14T10:34:06","slug":"thank-you","status":"publish","type":"page","link":"https:\/\/mode-elles.be\/en\/thank-you\/","title":{"rendered":"Thank you"},"content":{"rendered":"\t\t<div data-elementor-type=\"wp-page\" data-elementor-id=\"4919\" class=\"elementor elementor-4919 elementor-4481\" data-elementor-post-type=\"page\">\n\t\t\t\t<div class=\"elementor-element elementor-element-272c41ec e-flex e-con-boxed e-con e-parent\" data-id=\"272c41ec\" data-element_type=\"container\" data-e-type=\"container\">\n\t\t\t\t\t<div class=\"e-con-inner\">\n\t\t\t\t\t<\/div>\n\t\t\t\t<\/div>\n\t\t\t\t<\/div>\n\t\t","protected":false},"excerpt":{"rendered":"","protected":false},"author":1,"featured_media":0,"parent":0,"menu_order":0,"comment_status":"closed","ping_status":"closed","template":"elementor_header_footer","meta":{"footnotes":""},"class_list":["post-4919","page","type-page","status-publish","hentry"],"yoast_head":"<!-- This site is optimized with the Yoast SEO plugin v27.1.1 - https:\/\/yoast.com\/product\/yoast-seo-wordpress\/ -->\n<title>Thank you for your purchase - Fashion Store by Mode Elles<\/title>\n<meta name=\"description\" content=\"Your order is confirmed! Thank you for your confidence. Stay tuned to track your delivery and discover our new products.\" \/>\n<meta name=\"robots\" content=\"index, follow, max-snippet:-1, max-image-preview:large, max-video-preview:-1\" \/>\n<link rel=\"canonical\" href=\"https:\/\/mode-elles.be\/en\/thank-you\/\" \/>\n<meta property=\"og:locale\" content=\"en_US\" \/>\n<meta property=\"og:type\" content=\"article\" \/>\n<meta property=\"og:title\" content=\"Thank you for your purchase - Fashion Store by Mode Elles\" \/>\n<meta property=\"og:description\" content=\"Your order is confirmed! Thank you for your confidence. Stay tuned to track your delivery and discover our new products.\" \/>\n<meta property=\"og:url\" content=\"https:\/\/mode-elles.be\/en\/thank-you\/\" \/>\n<meta property=\"og:site_name\" content=\"Mode-Elles\" \/>\n<meta property=\"article:publisher\" content=\"https:\/\/www.facebook.com\/modeelles.be\" \/>\n<meta property=\"article:modified_time\" content=\"2025-02-14T10:34:06+00:00\" \/>\n<meta name=\"twitter:card\" content=\"summary_large_image\" \/>\n<script type=\"application\/ld+json\" class=\"yoast-schema-graph\">{\"@context\":\"https:\/\/schema.org\",\"@graph\":[{\"@type\":\"WebPage\",\"@id\":\"https:\/\/mode-elles.be\/en\/thank-you\/\",\"url\":\"https:\/\/mode-elles.be\/en\/thank-you\/\",\"name\":\"Thank you for your purchase - Fashion Store by Mode Elles\",\"isPartOf\":{\"@id\":\"https:\/\/mode-elles.be\/en\/#website\"},\"datePublished\":\"2024-10-28T11:15:26+00:00\",\"dateModified\":\"2025-02-14T10:34:06+00:00\",\"description\":\"Your order is confirmed! Thank you for your confidence. Stay tuned to track your delivery and discover our new products.\",\"breadcrumb\":{\"@id\":\"https:\/\/mode-elles.be\/en\/thank-you\/#breadcrumb\"},\"inLanguage\":\"en-US\",\"potentialAction\":[{\"@type\":\"ReadAction\",\"target\":[\"https:\/\/mode-elles.be\/en\/thank-you\/\"]}]},{\"@type\":\"BreadcrumbList\",\"@id\":\"https:\/\/mode-elles.be\/en\/thank-you\/#breadcrumb\",\"itemListElement\":[{\"@type\":\"ListItem\",\"position\":1,\"name\":\"Accueil\",\"item\":\"https:\/\/mode-elles.be\/en\/home-2\/\"},{\"@type\":\"ListItem\",\"position\":2,\"name\":\"Thank you\"}]},{\"@type\":\"WebSite\",\"@id\":\"https:\/\/mode-elles.be\/en\/#website\",\"url\":\"https:\/\/mode-elles.be\/en\/\",\"name\":\"Mode-Elles\",\"description\":\"Des v\u00eatements tendances \u00e0 petits prix alors n\u2019h\u00e9sitez pas \u00e0 venir d\u00e9couvrir notre univers.\",\"publisher\":{\"@id\":\"https:\/\/mode-elles.be\/en\/#organization\"},\"potentialAction\":[{\"@type\":\"SearchAction\",\"target\":{\"@type\":\"EntryPoint\",\"urlTemplate\":\"https:\/\/mode-elles.be\/en\/?s={search_term_string}\"},\"query-input\":{\"@type\":\"PropertyValueSpecification\",\"valueRequired\":true,\"valueName\":\"search_term_string\"}}],\"inLanguage\":\"en-US\"},{\"@type\":\"Organization\",\"@id\":\"https:\/\/mode-elles.be\/en\/#organization\",\"name\":\"Mode-Elles\",\"url\":\"https:\/\/mode-elles.be\/en\/\",\"logo\":{\"@type\":\"ImageObject\",\"inLanguage\":\"en-US\",\"@id\":\"https:\/\/mode-elles.be\/en\/#\/schema\/logo\/image\/\",\"url\":\"https:\/\/mode-elles.be\/wp-content\/uploads\/2024\/10\/mode-elles.jpg\",\"contentUrl\":\"https:\/\/mode-elles.be\/wp-content\/uploads\/2024\/10\/mode-elles.jpg\",\"width\":903,\"height\":152,\"caption\":\"Mode-Elles\"},\"image\":{\"@id\":\"https:\/\/mode-elles.be\/en\/#\/schema\/logo\/image\/\"},\"sameAs\":[\"https:\/\/www.facebook.com\/modeelles.be\",\"https:\/\/www.instagram.com\/modeelles_fashion_store\/?hl=fr\"]}]}<\/script>\n<!-- \/ Yoast SEO plugin. -->","yoast_head_json":{"title":"Thank you for your purchase - Fashion Store by Mode Elles","description":"Your order is confirmed! Thank you for your confidence. Stay tuned to track your delivery and discover our new products.","robots":{"index":"index","follow":"follow","max-snippet":"max-snippet:-1","max-image-preview":"max-image-preview:large","max-video-preview":"max-video-preview:-1"},"canonical":"https:\/\/mode-elles.be\/en\/thank-you\/","og_locale":"en_US","og_type":"article","og_title":"Thank you for your purchase - Fashion Store by Mode Elles","og_description":"Your order is confirmed! Thank you for your confidence. Stay tuned to track your delivery and discover our new products.","og_url":"https:\/\/mode-elles.be\/en\/thank-you\/","og_site_name":"Mode-Elles","article_publisher":"https:\/\/www.facebook.com\/modeelles.be","article_modified_time":"2025-02-14T10:34:06+00:00","twitter_card":"summary_large_image","schema":{"@context":"https:\/\/schema.org","@graph":[{"@type":"WebPage","@id":"https:\/\/mode-elles.be\/en\/thank-you\/","url":"https:\/\/mode-elles.be\/en\/thank-you\/","name":"Thank you for your purchase - Fashion Store by Mode Elles","isPartOf":{"@id":"https:\/\/mode-elles.be\/en\/#website"},"datePublished":"2024-10-28T11:15:26+00:00","dateModified":"2025-02-14T10:34:06+00:00","description":"Your order is confirmed! Thank you for your confidence. Stay tuned to track your delivery and discover our new products.","breadcrumb":{"@id":"https:\/\/mode-elles.be\/en\/thank-you\/#breadcrumb"},"inLanguage":"en-US","potentialAction":[{"@type":"ReadAction","target":["https:\/\/mode-elles.be\/en\/thank-you\/"]}]},{"@type":"BreadcrumbList","@id":"https:\/\/mode-elles.be\/en\/thank-you\/#breadcrumb","itemListElement":[{"@type":"ListItem","position":1,"name":"Accueil","item":"https:\/\/mode-elles.be\/en\/home-2\/"},{"@type":"ListItem","position":2,"name":"Thank you"}]},{"@type":"WebSite","@id":"https:\/\/mode-elles.be\/en\/#website","url":"https:\/\/mode-elles.be\/en\/","name":"Mode-Elles","description":"Des v\u00eatements tendances \u00e0 petits prix alors n\u2019h\u00e9sitez pas \u00e0 venir d\u00e9couvrir notre univers.","publisher":{"@id":"https:\/\/mode-elles.be\/en\/#organization"},"potentialAction":[{"@type":"SearchAction","target":{"@type":"EntryPoint","urlTemplate":"https:\/\/mode-elles.be\/en\/?s={search_term_string}"},"query-input":{"@type":"PropertyValueSpecification","valueRequired":true,"valueName":"search_term_string"}}],"inLanguage":"en-US"},{"@type":"Organization","@id":"https:\/\/mode-elles.be\/en\/#organization","name":"Mode-Elles","url":"https:\/\/mode-elles.be\/en\/","logo":{"@type":"ImageObject","inLanguage":"en-US","@id":"https:\/\/mode-elles.be\/en\/#\/schema\/logo\/image\/","url":"https:\/\/mode-elles.be\/wp-content\/uploads\/2024\/10\/mode-elles.jpg","contentUrl":"https:\/\/mode-elles.be\/wp-content\/uploads\/2024\/10\/mode-elles.jpg","width":903,"height":152,"caption":"Mode-Elles"},"image":{"@id":"https:\/\/mode-elles.be\/en\/#\/schema\/logo\/image\/"},"sameAs":["https:\/\/www.facebook.com\/modeelles.be","https:\/\/www.instagram.com\/modeelles_fashion_store\/?hl=fr"]}]}},"_links":{"self":[{"href":"https:\/\/mode-elles.be\/en\/wp-json\/wp\/v2\/pages\/4919","targetHints":{"allow":["GET"]}}],"collection":[{"href":"https:\/\/mode-elles.be\/en\/wp-json\/wp\/v2\/pages"}],"about":[{"href":"https:\/\/mode-elles.be\/en\/wp-json\/wp\/v2\/types\/page"}],"author":[{"embeddable":true,"href":"https:\/\/mode-elles.be\/en\/wp-json\/wp\/v2\/users\/1"}],"replies":[{"embeddable":true,"href":"https:\/\/mode-elles.be\/en\/wp-json\/wp\/v2\/comments?post=4919"}],"version-history":[{"count":1,"href":"https:\/\/mode-elles.be\/en\/wp-json\/wp\/v2\/pages\/4919\/revisions"}],"predecessor-version":[{"id":4922,"href":"https:\/\/mode-elles.be\/en\/wp-json\/wp\/v2\/pages\/4919\/revisions\/4922"}],"wp:attachment":[{"href":"https:\/\/mode-elles.be\/en\/wp-json\/wp\/v2\/media?parent=4919"}],"curies":[{"name":"wp","href":"https:\/\/api.w.org\/{rel}","templated":true}]}}