{"id":4849,"date":"2024-10-28T12:15:37","date_gmt":"2024-10-28T11:15:37","guid":{"rendered":"https:\/\/mode-elles.be\/home-2\/"},"modified":"2025-03-18T10:45:54","modified_gmt":"2025-03-18T09:45:54","slug":"home-2","status":"publish","type":"page","link":"https:\/\/mode-elles.be\/en\/","title":{"rendered":"Home"},"content":{"rendered":"\t\t<div data-elementor-type=\"wp-page\" data-elementor-id=\"4849\" class=\"elementor elementor-4849 elementor-4539\" data-elementor-post-type=\"page\">\n\t\t\t\t<div class=\"elementor-element elementor-element-54b7fa2d e-con-full e-flex e-con e-parent\" data-id=\"54b7fa2d\" data-element_type=\"container\" data-e-type=\"container\" data-settings=\"{&quot;background_background&quot;:&quot;classic&quot;}\">\n\t\t<div class=\"elementor-element elementor-element-285dfeb6 e-con-full e-flex e-con e-child\" data-id=\"285dfeb6\" data-element_type=\"container\" data-e-type=\"container\">\n\t\t<div class=\"elementor-element elementor-element-74eae10 e-con-full e-flex e-con e-child\" data-id=\"74eae10\" data-element_type=\"container\" data-e-type=\"container\" data-settings=\"{&quot;background_background&quot;:&quot;classic&quot;}\">\n\t\t\t\t<div class=\"elementor-element elementor-element-6d6f3f4f elementor-invisible elementor-widget elementor-widget-heading\" data-id=\"6d6f3f4f\" data-element_type=\"widget\" data-e-type=\"widget\" data-settings=\"{&quot;_animation&quot;:&quot;fadeIn&quot;}\" data-widget_type=\"heading.default\">\n\t\t\t\t\t<h1 class=\"elementor-heading-title elementor-size-default\">Fashion Store<\/h1>\t\t\t\t<\/div>\n\t\t\t\t<div class=\"elementor-element elementor-element-95d2c61 elementor-invisible elementor-widget elementor-widget-heading\" data-id=\"95d2c61\" data-element_type=\"widget\" data-e-type=\"widget\" data-settings=\"{&quot;_animation&quot;:&quot;fadeIn&quot;,&quot;_animation_delay&quot;:125}\" data-widget_type=\"heading.default\">\n\t\t\t\t\t<h2 class=\"elementor-heading-title elementor-size-default\">by Mode-Elles<\/h2>\t\t\t\t<\/div>\n\t\t\t\t<div class=\"elementor-element elementor-element-7485b2b9 elementor-widget__width-initial elementor-widget elementor-widget-text-editor\" data-id=\"7485b2b9\" data-element_type=\"widget\" data-e-type=\"widget\" data-widget_type=\"text-editor.default\">\n\t\t\t\t\t\t\t\t\t<p>Fashionstore offers a trendy collection for the whole family.<\/p>\n\t\t\t\t\t\t\t\t<\/div>\n\t\t\t\t<div class=\"elementor-element elementor-element-adf4aae elementor-widget elementor-widget-button\" data-id=\"adf4aae\" data-element_type=\"widget\" data-e-type=\"widget\" data-widget_type=\"button.default\">\n\t\t\t\t\t\t\t\t\t\t<a class=\"elementor-button elementor-button-link elementor-size-sm elementor-animation-shrink\" href=\"https:\/\/mode-elles.be\/en\/shop\/\">\n\t\t\t\t\t\t<span class=\"elementor-button-content-wrapper\">\n\t\t\t\t\t\t\t\t\t<span class=\"elementor-button-text\">Visit our shop<\/span>\n\t\t\t\t\t<\/span>\n\t\t\t\t\t<\/a>\n\t\t\t\t\t\t\t\t<\/div>\n\t\t\t\t<\/div>\n\t\t\t\t<\/div>\n\t\t\t\t<\/div>\n\t\t<div class=\"elementor-element elementor-element-724ca624 e-con-full e-flex e-con e-parent\" data-id=\"724ca624\" data-element_type=\"container\" data-e-type=\"container\">\n\t\t\t\t<div class=\"elementor-element elementor-element-1d76d2f0 elementor-invisible elementor-widget elementor-widget-heading\" data-id=\"1d76d2f0\" data-element_type=\"widget\" data-e-type=\"widget\" data-settings=\"{&quot;_animation&quot;:&quot;fadeIn&quot;}\" data-widget_type=\"heading.default\">\n\t\t\t\t\t<h2 class=\"elementor-heading-title elementor-size-default\">Our new products<\/h2>\t\t\t\t<\/div>\n\t\t\t\t<div class=\"elementor-element elementor-element-bd14e06 elementor-widget elementor-widget-text-editor\" data-id=\"bd14e06\" data-element_type=\"widget\" data-e-type=\"widget\" data-widget_type=\"text-editor.default\">\n\t\t\t\t\t\t\t\t\t<p>Discover our latest arrivals of clothes, shoes, accessories and much more!<\/p>\n\t\t\t\t\t\t\t\t<\/div>\n\t\t\t\t<\/div>\n\t\t<div class=\"elementor-element elementor-element-2edaea7 e-con-full e-flex e-con e-parent\" data-id=\"2edaea7\" data-element_type=\"container\" data-e-type=\"container\">\n\t\t\t\t<div class=\"elementor-element elementor-element-70e8e2b elementor-grid-4 elementor-grid-mobile-2 elementor-grid-tablet-2 elementor-widget elementor-widget-loop-grid\" data-id=\"70e8e2b\" data-element_type=\"widget\" data-e-type=\"widget\" data-settings=\"{&quot;template_id&quot;:4963,&quot;columns&quot;:4,&quot;row_gap&quot;:{&quot;unit&quot;:&quot;px&quot;,&quot;size&quot;:40,&quot;sizes&quot;:[]},&quot;columns_mobile&quot;:2,&quot;_skin&quot;:&quot;post&quot;,&quot;columns_tablet&quot;:&quot;2&quot;,&quot;edit_handle_selector&quot;:&quot;[data-elementor-type=\\&quot;loop-item\\&quot;]&quot;,&quot;row_gap_tablet&quot;:{&quot;unit&quot;:&quot;px&quot;,&quot;size&quot;:&quot;&quot;,&quot;sizes&quot;:[]},&quot;row_gap_mobile&quot;:{&quot;unit&quot;:&quot;px&quot;,&quot;size&quot;:&quot;&quot;,&quot;sizes&quot;:[]}}\" data-widget_type=\"loop-grid.post\">\n\t\t\t\t<div class=\"elementor-widget-container\">\n\t\t\t\t\t\t\t<div class=\"e-loop-nothing-found-message\">\n\t\t\t\t\t<div class=\"e-loop-nothing-found-message__text\">\n\t\t\t\tNo results were found...\t\t\t<\/div>\n\t\t\t<\/div>\n\t\t\t\t\t\t<\/div>\n\t\t\t\t<\/div>\n\t\t\t\t<\/div>\n\t\t<div class=\"elementor-element elementor-element-c10c1b6 e-con-full e-flex e-con e-parent\" data-id=\"c10c1b6\" data-element_type=\"container\" data-e-type=\"container\">\n\t\t\t\t<div class=\"elementor-element elementor-element-7450fd7 elementor-invisible elementor-widget elementor-widget-heading\" data-id=\"7450fd7\" data-element_type=\"widget\" data-e-type=\"widget\" data-settings=\"{&quot;_animation&quot;:&quot;fadeIn&quot;}\" data-widget_type=\"heading.default\">\n\t\t\t\t\t<h2 class=\"elementor-heading-title elementor-size-default\">Our collections<\/h2>\t\t\t\t<\/div>\n\t\t\t\t<div class=\"elementor-element elementor-element-a1b7df5 elementor-widget elementor-widget-text-editor\" data-id=\"a1b7df5\" data-element_type=\"widget\" data-e-type=\"widget\" data-widget_type=\"text-editor.default\">\n\t\t\t\t\t\t\t\t\t<p>From dresses to the smallest fashion accessory, be inspired by our carefully selected collections. To be discovered on our eshop or in shop.<\/p>\n\t\t\t\t\t\t\t\t<\/div>\n\t\t\t\t<\/div>\n\t\t<div class=\"elementor-element elementor-element-e919999 e-con-full e-flex e-con e-parent\" data-id=\"e919999\" data-element_type=\"container\" data-e-type=\"container\">\n\t\t<div class=\"elementor-element elementor-element-1e8a59c5 e-con-full e-flex e-con e-child\" data-id=\"1e8a59c5\" data-element_type=\"container\" data-e-type=\"container\">\n\t\t\t\t<div class=\"elementor-element elementor-element-75fcf36b elementor-widget__width-inherit elementor-widget-tablet__width-inherit elementor-cta--skin-classic elementor-animated-content elementor-bg-transform elementor-bg-transform-zoom-in elementor-invisible elementor-widget elementor-widget-call-to-action\" data-id=\"75fcf36b\" data-element_type=\"widget\" data-e-type=\"widget\" data-settings=\"{&quot;_animation&quot;:&quot;fadeIn&quot;}\" data-widget_type=\"call-to-action.default\">\n\t\t\t\t\t\t\t<div class=\"elementor-cta\">\n\t\t\t\t\t<div class=\"elementor-cta__bg-wrapper\">\n\t\t\t\t<div class=\"elementor-cta__bg elementor-bg\" style=\"background-image: url(https:\/\/mode-elles.be\/wp-content\/uploads\/2025\/02\/Femmes-683x1024.webp);\" role=\"img\" aria-label=\"Femmes\"><\/div>\n\t\t\t\t<div class=\"elementor-cta__bg-overlay\"><\/div>\n\t\t\t<\/div>\n\t\t\t\t\t\t\t\t<\/div>\n\t\t\t\t\t\t<\/div>\n\t\t\t\t<div class=\"elementor-element elementor-element-5fdd675c elementor-widget__width-inherit elementor-widget elementor-widget-heading\" data-id=\"5fdd675c\" data-element_type=\"widget\" data-e-type=\"widget\" data-widget_type=\"heading.default\">\n\t\t\t\t\t<h2 class=\"elementor-heading-title elementor-size-default\">Women<\/h2>\t\t\t\t<\/div>\n\t\t\t\t<div class=\"elementor-element elementor-element-11de6de4 elementor-widget__width-inherit elementor-align-left elementor-widget elementor-widget-button\" data-id=\"11de6de4\" data-element_type=\"widget\" data-e-type=\"widget\" data-widget_type=\"button.default\">\n\t\t\t\t\t\t\t\t\t\t<a class=\"elementor-button elementor-button-link elementor-size-sm elementor-animation-shrink\" href=\"https:\/\/mode-elles.be\/categorie-produit\/femme\/\">\n\t\t\t\t\t\t<span class=\"elementor-button-content-wrapper\">\n\t\t\t\t\t\t\t\t\t<span class=\"elementor-button-text\">Discover<\/span>\n\t\t\t\t\t<\/span>\n\t\t\t\t\t<\/a>\n\t\t\t\t\t\t\t\t<\/div>\n\t\t\t\t<\/div>\n\t\t<div class=\"elementor-element elementor-element-1c3d31a0 e-con-full e-flex e-con e-child\" data-id=\"1c3d31a0\" data-element_type=\"container\" data-e-type=\"container\">\n\t\t\t\t<div class=\"elementor-element elementor-element-7c295a8 elementor-widget__width-inherit elementor-widget elementor-widget-heading\" data-id=\"7c295a8\" data-element_type=\"widget\" data-e-type=\"widget\" data-widget_type=\"heading.default\">\n\t\t\t\t\t<h2 class=\"elementor-heading-title elementor-size-default\">Men<\/h2>\t\t\t\t<\/div>\n\t\t\t\t<div class=\"elementor-element elementor-element-def8463 elementor-widget__width-inherit elementor-align-left elementor-widget elementor-widget-button\" data-id=\"def8463\" data-element_type=\"widget\" data-e-type=\"widget\" data-widget_type=\"button.default\">\n\t\t\t\t\t\t\t\t\t\t<a class=\"elementor-button elementor-button-link elementor-size-sm elementor-animation-shrink\" href=\"https:\/\/mode-elles.be\/categorie-produit\/homme\/\">\n\t\t\t\t\t\t<span class=\"elementor-button-content-wrapper\">\n\t\t\t\t\t\t\t\t\t<span class=\"elementor-button-text\">Discover<\/span>\n\t\t\t\t\t<\/span>\n\t\t\t\t\t<\/a>\n\t\t\t\t\t\t\t\t<\/div>\n\t\t\t\t<div class=\"elementor-element elementor-element-33a5d8d4 elementor-widget__width-inherit elementor-widget-tablet__width-inherit elementor-cta--skin-classic elementor-animated-content elementor-bg-transform elementor-bg-transform-zoom-in elementor-invisible elementor-widget elementor-widget-call-to-action\" data-id=\"33a5d8d4\" data-element_type=\"widget\" data-e-type=\"widget\" data-settings=\"{&quot;_animation&quot;:&quot;fadeIn&quot;}\" data-widget_type=\"call-to-action.default\">\n\t\t\t\t\t\t\t<a class=\"elementor-cta\" href=\"https:\/\/mode-elles.be\/categorie-produit\/accessoires\/\">\n\t\t\t\t\t<div class=\"elementor-cta__bg-wrapper\">\n\t\t\t\t<div class=\"elementor-cta__bg elementor-bg\" style=\"background-image: url(https:\/\/mode-elles.be\/wp-content\/uploads\/2025\/02\/Hommes-683x1024.webp);\" role=\"img\" aria-label=\"Hommes\"><\/div>\n\t\t\t\t<div class=\"elementor-cta__bg-overlay\"><\/div>\n\t\t\t<\/div>\n\t\t\t\t\t\t\t\t<\/a>\n\t\t\t\t\t\t<\/div>\n\t\t\t\t<\/div>\n\t\t<div class=\"elementor-element elementor-element-119b30b e-con-full e-flex e-con e-child\" data-id=\"119b30b\" data-element_type=\"container\" data-e-type=\"container\">\n\t\t\t\t<div class=\"elementor-element elementor-element-0924c84 elementor-widget__width-inherit elementor-widget-tablet__width-inherit elementor-cta--skin-classic elementor-animated-content elementor-bg-transform elementor-bg-transform-zoom-in elementor-invisible elementor-widget elementor-widget-call-to-action\" data-id=\"0924c84\" data-element_type=\"widget\" data-e-type=\"widget\" data-settings=\"{&quot;_animation&quot;:&quot;fadeIn&quot;}\" data-widget_type=\"call-to-action.default\">\n\t\t\t\t\t\t\t<div class=\"elementor-cta\">\n\t\t\t\t\t<div class=\"elementor-cta__bg-wrapper\">\n\t\t\t\t<div class=\"elementor-cta__bg elementor-bg\" style=\"background-image: url(https:\/\/mode-elles.be\/wp-content\/uploads\/2025\/02\/Enfants-683x1024.webp);\" role=\"img\" aria-label=\"Enfants\"><\/div>\n\t\t\t\t<div class=\"elementor-cta__bg-overlay\"><\/div>\n\t\t\t<\/div>\n\t\t\t\t\t\t\t\t<\/div>\n\t\t\t\t\t\t<\/div>\n\t\t\t\t<div class=\"elementor-element elementor-element-3ebd024 elementor-widget__width-inherit elementor-widget elementor-widget-heading\" data-id=\"3ebd024\" data-element_type=\"widget\" data-e-type=\"widget\" data-widget_type=\"heading.default\">\n\t\t\t\t\t<h2 class=\"elementor-heading-title elementor-size-default\">Children<\/h2>\t\t\t\t<\/div>\n\t\t<div class=\"elementor-element elementor-element-7a82c00 e-con-full e-flex e-con e-child\" data-id=\"7a82c00\" data-element_type=\"container\" data-e-type=\"container\">\n\t\t\t\t<div class=\"elementor-element elementor-element-605ba6a elementor-align-left elementor-widget elementor-widget-button\" data-id=\"605ba6a\" data-element_type=\"widget\" data-e-type=\"widget\" data-widget_type=\"button.default\">\n\t\t\t\t\t\t\t\t\t\t<a class=\"elementor-button elementor-button-link elementor-size-sm elementor-animation-shrink\" href=\"https:\/\/mode-elles.be\/categorie-produit\/fille\/\">\n\t\t\t\t\t\t<span class=\"elementor-button-content-wrapper\">\n\t\t\t\t\t\t\t\t\t<span class=\"elementor-button-text\">Girl<\/span>\n\t\t\t\t\t<\/span>\n\t\t\t\t\t<\/a>\n\t\t\t\t\t\t\t\t<\/div>\n\t\t\t\t<div class=\"elementor-element elementor-element-924cec3 elementor-widget elementor-widget-text-editor\" data-id=\"924cec3\" data-element_type=\"widget\" data-e-type=\"widget\" data-widget_type=\"text-editor.default\">\n\t\t\t\t\t\t\t\t\t<p>\/<\/p>\n\t\t\t\t\t\t\t\t<\/div>\n\t\t\t\t<div class=\"elementor-element elementor-element-30537d5 elementor-align-left elementor-widget elementor-widget-button\" data-id=\"30537d5\" data-element_type=\"widget\" data-e-type=\"widget\" data-widget_type=\"button.default\">\n\t\t\t\t\t\t\t\t\t\t<a class=\"elementor-button elementor-button-link elementor-size-sm elementor-animation-shrink\" href=\"https:\/\/mode-elles.be\/categorie-produit\/garcon\/\">\n\t\t\t\t\t\t<span class=\"elementor-button-content-wrapper\">\n\t\t\t\t\t\t\t\t\t<span class=\"elementor-button-text\">Boy<\/span>\n\t\t\t\t\t<\/span>\n\t\t\t\t\t<\/a>\n\t\t\t\t\t\t\t\t<\/div>\n\t\t\t\t<\/div>\n\t\t\t\t<\/div>\n\t\t<div class=\"elementor-element elementor-element-a2f8ab6 e-con-full e-flex e-con e-child\" data-id=\"a2f8ab6\" data-element_type=\"container\" data-e-type=\"container\">\n\t\t\t\t<div class=\"elementor-element elementor-element-904e7cb elementor-widget__width-inherit elementor-widget elementor-widget-heading\" data-id=\"904e7cb\" data-element_type=\"widget\" data-e-type=\"widget\" data-widget_type=\"heading.default\">\n\t\t\t\t\t<h2 class=\"elementor-heading-title elementor-size-default\">Accessories<\/h2>\t\t\t\t<\/div>\n\t\t\t\t<div class=\"elementor-element elementor-element-979db54 elementor-widget__width-inherit elementor-align-left elementor-widget elementor-widget-button\" data-id=\"979db54\" data-element_type=\"widget\" data-e-type=\"widget\" data-widget_type=\"button.default\">\n\t\t\t\t\t\t\t\t\t\t<a class=\"elementor-button elementor-button-link elementor-size-sm elementor-animation-shrink\" href=\"https:\/\/mode-elles.be\/categorie-produit\/accessoires\/\">\n\t\t\t\t\t\t<span class=\"elementor-button-content-wrapper\">\n\t\t\t\t\t\t\t\t\t<span class=\"elementor-button-text\">Discover<\/span>\n\t\t\t\t\t<\/span>\n\t\t\t\t\t<\/a>\n\t\t\t\t\t\t\t\t<\/div>\n\t\t\t\t<div class=\"elementor-element elementor-element-e29969c elementor-widget__width-inherit elementor-widget-tablet__width-inherit elementor-cta--skin-classic elementor-animated-content elementor-bg-transform elementor-bg-transform-zoom-in elementor-invisible elementor-widget elementor-widget-call-to-action\" data-id=\"e29969c\" data-element_type=\"widget\" data-e-type=\"widget\" data-settings=\"{&quot;_animation&quot;:&quot;fadeIn&quot;}\" data-widget_type=\"call-to-action.default\">\n\t\t\t\t\t\t\t<a class=\"elementor-cta\" href=\"https:\/\/mode-elles.be\/categorie-produit\/femme\/chaussures\/\">\n\t\t\t\t\t<div class=\"elementor-cta__bg-wrapper\">\n\t\t\t\t<div class=\"elementor-cta__bg elementor-bg\" style=\"background-image: url(https:\/\/mode-elles.be\/wp-content\/uploads\/2025\/02\/Accessoires-683x1024.webp);\" role=\"img\" aria-label=\"Accessoires\"><\/div>\n\t\t\t\t<div class=\"elementor-cta__bg-overlay\"><\/div>\n\t\t\t<\/div>\n\t\t\t\t\t\t\t\t<\/a>\n\t\t\t\t\t\t<\/div>\n\t\t\t\t<\/div>\n\t\t\t\t<\/div>\n\t\t<div class=\"elementor-element elementor-element-7ef3a960 e-con-full e-flex e-con e-parent\" data-id=\"7ef3a960\" data-element_type=\"container\" data-e-type=\"container\" data-settings=\"{&quot;background_background&quot;:&quot;classic&quot;}\">\n\t\t<div class=\"elementor-element elementor-element-536ffdf3 e-con-full e-flex e-con e-child\" data-id=\"536ffdf3\" data-element_type=\"container\" data-e-type=\"container\" data-settings=\"{&quot;background_background&quot;:&quot;classic&quot;}\">\n\t\t\t\t<div class=\"elementor-element elementor-element-15e32fde elementor-invisible elementor-widget elementor-widget-heading\" data-id=\"15e32fde\" data-element_type=\"widget\" data-e-type=\"widget\" data-settings=\"{&quot;_animation&quot;:&quot;fadeIn&quot;}\" data-widget_type=\"heading.default\">\n\t\t\t\t\t<h2 class=\"elementor-heading-title elementor-size-default\">Shopping between friends<\/h2>\t\t\t\t<\/div>\n\t\t\t\t<div class=\"elementor-element elementor-element-73265d86 elementor-widget__width-initial elementor-widget elementor-widget-text-editor\" data-id=\"73265d86\" data-element_type=\"widget\" data-e-type=\"widget\" data-widget_type=\"text-editor.default\">\n\t\t\t\t\t\t\t\t\t<p>Do you dream of shopping for free with your friends? Privatize the store and enjoy an exclusive shopping experience<\/p>\n\t\t\t\t\t\t\t\t<\/div>\n\t\t\t\t<div class=\"elementor-element elementor-element-29f02409 elementor-widget elementor-widget-button\" data-id=\"29f02409\" data-element_type=\"widget\" data-e-type=\"widget\" data-widget_type=\"button.default\">\n\t\t\t\t\t\t\t\t\t\t<a class=\"elementor-button elementor-button-link elementor-size-sm elementor-animation-shrink\" href=\"https:\/\/mode-elles.be\/en\/shopping-cocktail\/\">\n\t\t\t\t\t\t<span class=\"elementor-button-content-wrapper\">\n\t\t\t\t\t\t\t\t\t<span class=\"elementor-button-text\">Read more<\/span>\n\t\t\t\t\t<\/span>\n\t\t\t\t\t<\/a>\n\t\t\t\t\t\t\t\t<\/div>\n\t\t\t\t<\/div>\n\t\t\t\t<\/div>\n\t\t\t\t<\/div>\n\t\t","protected":false},"excerpt":{"rendered":"<p>Fashion Store by Mode-Elles Fashionstore offers a trendy collection for the whole family. Visit our shop Our new products Discover our latest arrivals of clothes, shoes, accessories and much more! Our collections From dresses to the smallest fashion accessory, be inspired by our carefully selected collections. To be discovered on our eshop or in shop. [&hellip;]<\/p>\n","protected":false},"author":1,"featured_media":0,"parent":0,"menu_order":0,"comment_status":"closed","ping_status":"closed","template":"elementor_header_footer","meta":{"footnotes":""},"class_list":["post-4849","page","type-page","status-publish","hentry"],"yoast_head":"<!-- This site is optimized with the Yoast SEO plugin v27.5 - https:\/\/yoast.com\/product\/yoast-seo-wordpress\/ -->\n<title>Fashion Store by Mode Elles - Fashion &amp; Ap\u00e9ro Shopping<\/title>\n<meta name=\"description\" content=\"Trendy collections for the whole family. New products and Ap\u00e9ro Shopping: take over the boutique for a unique moment with friends!\" \/>\n<meta name=\"robots\" content=\"index, follow, max-snippet:-1, max-image-preview:large, max-video-preview:-1\" \/>\n<link rel=\"canonical\" href=\"https:\/\/mode-elles.be\/en\/\" \/>\n<meta property=\"og:locale\" content=\"en_US\" \/>\n<meta property=\"og:type\" content=\"article\" \/>\n<meta property=\"og:title\" content=\"Fashion Store by Mode Elles - Fashion &amp; Ap\u00e9ro Shopping\" \/>\n<meta property=\"og:description\" content=\"Trendy collections for the whole family. New products and Ap\u00e9ro Shopping: take over the boutique for a unique moment with friends!\" \/>\n<meta property=\"og:url\" content=\"https:\/\/mode-elles.be\/en\/\" \/>\n<meta property=\"og:site_name\" content=\"Mode-Elles\" \/>\n<meta property=\"article:publisher\" content=\"https:\/\/www.facebook.com\/modeelles.be\" \/>\n<meta property=\"article:modified_time\" content=\"2025-03-18T09:45:54+00:00\" \/>\n<meta name=\"twitter:card\" content=\"summary_large_image\" \/>\n<script type=\"application\/ld+json\" class=\"yoast-schema-graph\">{\"@context\":\"https:\\\/\\\/schema.org\",\"@graph\":[{\"@type\":\"WebPage\",\"@id\":\"https:\\\/\\\/mode-elles.be\\\/en\\\/\",\"url\":\"https:\\\/\\\/mode-elles.be\\\/en\\\/\",\"name\":\"Fashion Store by Mode Elles - Fashion & Ap\u00e9ro Shopping\",\"isPartOf\":{\"@id\":\"https:\\\/\\\/mode-elles.be\\\/en\\\/#website\"},\"datePublished\":\"2024-10-28T11:15:37+00:00\",\"dateModified\":\"2025-03-18T09:45:54+00:00\",\"description\":\"Trendy collections for the whole family. New products and Ap\u00e9ro Shopping: take over the boutique for a unique moment with friends!\",\"breadcrumb\":{\"@id\":\"https:\\\/\\\/mode-elles.be\\\/en\\\/#breadcrumb\"},\"inLanguage\":\"en-US\",\"potentialAction\":[{\"@type\":\"ReadAction\",\"target\":[\"https:\\\/\\\/mode-elles.be\\\/en\\\/\"]}]},{\"@type\":\"BreadcrumbList\",\"@id\":\"https:\\\/\\\/mode-elles.be\\\/en\\\/#breadcrumb\",\"itemListElement\":[{\"@type\":\"ListItem\",\"position\":1,\"name\":\"Accueil\",\"item\":\"https:\\\/\\\/mode-elles.be\\\/en\\\/home-2\\\/\"},{\"@type\":\"ListItem\",\"position\":2,\"name\":\"Home\"}]},{\"@type\":\"WebSite\",\"@id\":\"https:\\\/\\\/mode-elles.be\\\/en\\\/#website\",\"url\":\"https:\\\/\\\/mode-elles.be\\\/en\\\/\",\"name\":\"Mode-Elles\",\"description\":\"Des v\u00eatements tendances \u00e0 petits prix alors n\u2019h\u00e9sitez pas \u00e0 venir d\u00e9couvrir notre univers.\",\"publisher\":{\"@id\":\"https:\\\/\\\/mode-elles.be\\\/en\\\/#organization\"},\"potentialAction\":[{\"@type\":\"SearchAction\",\"target\":{\"@type\":\"EntryPoint\",\"urlTemplate\":\"https:\\\/\\\/mode-elles.be\\\/en\\\/?s={search_term_string}\"},\"query-input\":{\"@type\":\"PropertyValueSpecification\",\"valueRequired\":true,\"valueName\":\"search_term_string\"}}],\"inLanguage\":\"en-US\"},{\"@type\":\"Organization\",\"@id\":\"https:\\\/\\\/mode-elles.be\\\/en\\\/#organization\",\"name\":\"Mode-Elles\",\"url\":\"https:\\\/\\\/mode-elles.be\\\/en\\\/\",\"logo\":{\"@type\":\"ImageObject\",\"inLanguage\":\"en-US\",\"@id\":\"https:\\\/\\\/mode-elles.be\\\/en\\\/#\\\/schema\\\/logo\\\/image\\\/\",\"url\":\"https:\\\/\\\/mode-elles.be\\\/wp-content\\\/uploads\\\/2024\\\/10\\\/mode-elles.jpg\",\"contentUrl\":\"https:\\\/\\\/mode-elles.be\\\/wp-content\\\/uploads\\\/2024\\\/10\\\/mode-elles.jpg\",\"width\":903,\"height\":152,\"caption\":\"Mode-Elles\"},\"image\":{\"@id\":\"https:\\\/\\\/mode-elles.be\\\/en\\\/#\\\/schema\\\/logo\\\/image\\\/\"},\"sameAs\":[\"https:\\\/\\\/www.facebook.com\\\/modeelles.be\",\"https:\\\/\\\/www.instagram.com\\\/modeelles_fashion_store\\\/?hl=fr\"]}]}<\/script>\n<!-- \/ Yoast SEO plugin. -->","yoast_head_json":{"title":"Fashion Store by Mode Elles - Fashion & Ap\u00e9ro Shopping","description":"Trendy collections for the whole family. New products and Ap\u00e9ro Shopping: take over the boutique for a unique moment with friends!","robots":{"index":"index","follow":"follow","max-snippet":"max-snippet:-1","max-image-preview":"max-image-preview:large","max-video-preview":"max-video-preview:-1"},"canonical":"https:\/\/mode-elles.be\/en\/","og_locale":"en_US","og_type":"article","og_title":"Fashion Store by Mode Elles - Fashion & Ap\u00e9ro Shopping","og_description":"Trendy collections for the whole family. New products and Ap\u00e9ro Shopping: take over the boutique for a unique moment with friends!","og_url":"https:\/\/mode-elles.be\/en\/","og_site_name":"Mode-Elles","article_publisher":"https:\/\/www.facebook.com\/modeelles.be","article_modified_time":"2025-03-18T09:45:54+00:00","twitter_card":"summary_large_image","schema":{"@context":"https:\/\/schema.org","@graph":[{"@type":"WebPage","@id":"https:\/\/mode-elles.be\/en\/","url":"https:\/\/mode-elles.be\/en\/","name":"Fashion Store by Mode Elles - Fashion & Ap\u00e9ro Shopping","isPartOf":{"@id":"https:\/\/mode-elles.be\/en\/#website"},"datePublished":"2024-10-28T11:15:37+00:00","dateModified":"2025-03-18T09:45:54+00:00","description":"Trendy collections for the whole family. New products and Ap\u00e9ro Shopping: take over the boutique for a unique moment with friends!","breadcrumb":{"@id":"https:\/\/mode-elles.be\/en\/#breadcrumb"},"inLanguage":"en-US","potentialAction":[{"@type":"ReadAction","target":["https:\/\/mode-elles.be\/en\/"]}]},{"@type":"BreadcrumbList","@id":"https:\/\/mode-elles.be\/en\/#breadcrumb","itemListElement":[{"@type":"ListItem","position":1,"name":"Accueil","item":"https:\/\/mode-elles.be\/en\/home-2\/"},{"@type":"ListItem","position":2,"name":"Home"}]},{"@type":"WebSite","@id":"https:\/\/mode-elles.be\/en\/#website","url":"https:\/\/mode-elles.be\/en\/","name":"Mode-Elles","description":"Des v\u00eatements tendances \u00e0 petits prix alors n\u2019h\u00e9sitez pas \u00e0 venir d\u00e9couvrir notre univers.","publisher":{"@id":"https:\/\/mode-elles.be\/en\/#organization"},"potentialAction":[{"@type":"SearchAction","target":{"@type":"EntryPoint","urlTemplate":"https:\/\/mode-elles.be\/en\/?s={search_term_string}"},"query-input":{"@type":"PropertyValueSpecification","valueRequired":true,"valueName":"search_term_string"}}],"inLanguage":"en-US"},{"@type":"Organization","@id":"https:\/\/mode-elles.be\/en\/#organization","name":"Mode-Elles","url":"https:\/\/mode-elles.be\/en\/","logo":{"@type":"ImageObject","inLanguage":"en-US","@id":"https:\/\/mode-elles.be\/en\/#\/schema\/logo\/image\/","url":"https:\/\/mode-elles.be\/wp-content\/uploads\/2024\/10\/mode-elles.jpg","contentUrl":"https:\/\/mode-elles.be\/wp-content\/uploads\/2024\/10\/mode-elles.jpg","width":903,"height":152,"caption":"Mode-Elles"},"image":{"@id":"https:\/\/mode-elles.be\/en\/#\/schema\/logo\/image\/"},"sameAs":["https:\/\/www.facebook.com\/modeelles.be","https:\/\/www.instagram.com\/modeelles_fashion_store\/?hl=fr"]}]}},"_links":{"self":[{"href":"https:\/\/mode-elles.be\/en\/wp-json\/wp\/v2\/pages\/4849","targetHints":{"allow":["GET"]}}],"collection":[{"href":"https:\/\/mode-elles.be\/en\/wp-json\/wp\/v2\/pages"}],"about":[{"href":"https:\/\/mode-elles.be\/en\/wp-json\/wp\/v2\/types\/page"}],"author":[{"embeddable":true,"href":"https:\/\/mode-elles.be\/en\/wp-json\/wp\/v2\/users\/1"}],"replies":[{"embeddable":true,"href":"https:\/\/mode-elles.be\/en\/wp-json\/wp\/v2\/comments?post=4849"}],"version-history":[{"count":31,"href":"https:\/\/mode-elles.be\/en\/wp-json\/wp\/v2\/pages\/4849\/revisions"}],"predecessor-version":[{"id":6021,"href":"https:\/\/mode-elles.be\/en\/wp-json\/wp\/v2\/pages\/4849\/revisions\/6021"}],"wp:attachment":[{"href":"https:\/\/mode-elles.be\/en\/wp-json\/wp\/v2\/media?parent=4849"}],"curies":[{"name":"wp","href":"https:\/\/api.w.org\/{rel}","templated":true}]}}